{"id":240,"date":"2016-12-12T22:29:24","date_gmt":"2016-12-12T21:29:24","guid":{"rendered":"http:\/\/www.paroisse-saint-melaine53.fr\/?page_id=240"},"modified":"2024-05-26T13:50:30","modified_gmt":"2024-05-26T12:50:30","slug":"6-communes-7-clochers","status":"publish","type":"page","link":"https:\/\/www.paroisse-saint-melaine53.fr\/?page_id=240","title":{"rendered":"Sept clochers et une surprise"},"content":{"rendered":"\n<p class=\"has-text-align-center has-neve-link-color-color has-text-color has-link-color wp-elements-10679ac3882c886b5526733de9ef6d75\"><strong>QUI SUIS-JE ?   O\u00d9 SUIS-JE ?<\/strong><\/p>\n\n\n\n<div class=\"wp-block-columns is-layout-flex wp-container-core-columns-is-layout-9d6595d7 wp-block-columns-is-layout-flex\">\n<div class=\"wp-block-column is-layout-flow wp-block-column-is-layout-flow\">\n<figure class=\"wp-block-image size-full is-resized has-custom-border is-style-rounded\"><a href=\"https:\/\/www.paroisse-saint-melaine53.fr\/?page_id=3960\"><img data-opt-id=2054291865  fetchpriority=\"high\" decoding=\"async\" width=\"800\" height=\"600\" data-src=\"https:\/\/ml8u9mzc6rsf.i.optimole.com\/cb:Y0oE.2e511\/w:auto\/h:auto\/q:mauto\/f:best\/https:\/\/www.paroisse-saint-melaine53.fr\/wp-content\/uploads\/2024\/05\/A1.jpg\" alt=\"\" class=\"wp-image-3947 lazyload\" style=\"--smush-placeholder-width: 800px; --smush-placeholder-aspect-ratio: 800\/600;border-radius:85px;aspect-ratio:1;object-fit:cover;width:100px;height:auto\" data-srcset=\"https:\/\/ml8u9mzc6rsf.i.optimole.com\/cb:Y0oE.2e511\/w:800\/h:600\/q:mauto\/f:best\/https:\/\/www.paroisse-saint-melaine53.fr\/wp-content\/uploads\/2024\/05\/A1.jpg 800w, https:\/\/ml8u9mzc6rsf.i.optimole.com\/cb:Y0oE.2e511\/w:595\/h:446\/q:mauto\/f:best\/https:\/\/www.paroisse-saint-melaine53.fr\/wp-content\/uploads\/2024\/05\/A1.jpg 595w, https:\/\/ml8u9mzc6rsf.i.optimole.com\/cb:Y0oE.2e511\/w:768\/h:576\/q:mauto\/f:best\/https:\/\/www.paroisse-saint-melaine53.fr\/wp-content\/uploads\/2024\/05\/A1.jpg 768w, https:\/\/ml8u9mzc6rsf.i.optimole.com\/cb:Y0oE.2e511\/w:600\/h:450\/q:mauto\/f:best\/https:\/\/www.paroisse-saint-melaine53.fr\/wp-content\/uploads\/2024\/05\/A1.jpg 600w\" data-sizes=\"(max-width: 800px) 100vw, 800px\" src=\"data:image\/svg+xml;base64,PHN2ZyB3aWR0aD0iMSIgaGVpZ2h0PSIxIiB4bWxucz0iaHR0cDovL3d3dy53My5vcmcvMjAwMC9zdmciPjwvc3ZnPg==\" \/><\/a><\/figure>\n<\/div>\n\n\n\n<div class=\"wp-block-column is-layout-flow wp-block-column-is-layout-flow\">\n<figure class=\"wp-block-image size-large is-resized has-custom-border\"><a href=\"https:\/\/www.paroisse-saint-melaine53.fr\/?page_id=4135\"><img data-opt-id=1907994900  fetchpriority=\"high\" decoding=\"async\" width=\"2560\" height=\"1920\" data-src=\"https:\/\/ml8u9mzc6rsf.i.optimole.com\/cb:Y0oE.2e511\/w:960\/h:720\/q:mauto\/f:best\/https:\/\/www.paroisse-saint-melaine53.fr\/wp-content\/uploads\/2024\/05\/A-9-scaled.jpg\" alt=\"\" class=\"wp-image-3991 lazyload\" style=\"--smush-placeholder-width: 2560px; --smush-placeholder-aspect-ratio: 2560\/1920;border-radius:85px;object-fit:cover;width:100px;height:100px\" data-srcset=\"https:\/\/ml8u9mzc6rsf.i.optimole.com\/cb:Y0oE.2e511\/w:1440\/h:1080\/q:mauto\/f:best\/https:\/\/www.paroisse-saint-melaine53.fr\/wp-content\/uploads\/2024\/05\/A-9-scaled.jpg 2560w, https:\/\/ml8u9mzc6rsf.i.optimole.com\/cb:Y0oE.2e511\/w:595\/h:446\/q:mauto\/f:best\/https:\/\/www.paroisse-saint-melaine53.fr\/wp-content\/uploads\/2024\/05\/A-9-scaled.jpg 595w, https:\/\/ml8u9mzc6rsf.i.optimole.com\/cb:Y0oE.2e511\/w:960\/h:720\/q:mauto\/f:best\/https:\/\/www.paroisse-saint-melaine53.fr\/wp-content\/uploads\/2024\/05\/A-9-scaled.jpg 960w, https:\/\/ml8u9mzc6rsf.i.optimole.com\/cb:Y0oE.2e511\/w:768\/h:576\/q:mauto\/f:best\/https:\/\/www.paroisse-saint-melaine53.fr\/wp-content\/uploads\/2024\/05\/A-9-scaled.jpg 768w, https:\/\/ml8u9mzc6rsf.i.optimole.com\/cb:Y0oE.2e511\/w:600\/h:450\/q:mauto\/f:best\/https:\/\/www.paroisse-saint-melaine53.fr\/wp-content\/uploads\/2024\/05\/A-9-scaled.jpg 600w, https:\/\/ml8u9mzc6rsf.i.optimole.com\/cb:Y0oE.2e511\/w:1440\/h:1080\/q:mauto\/f:best\/https:\/\/www.paroisse-saint-melaine53.fr\/wp-content\/uploads\/2024\/05\/A-9-scaled.jpg 1536w, https:\/\/ml8u9mzc6rsf.i.optimole.com\/cb:Y0oE.2e511\/w:1440\/h:1080\/q:mauto\/f:best\/https:\/\/www.paroisse-saint-melaine53.fr\/wp-content\/uploads\/2024\/05\/A-9-scaled.jpg 2048w, https:\/\/ml8u9mzc6rsf.i.optimole.com\/cb:Y0oE.2e511\/w:800\/h:600\/q:mauto\/f:best\/https:\/\/www.paroisse-saint-melaine53.fr\/wp-content\/uploads\/2024\/05\/A-9-scaled.jpg 800w, https:\/\/ml8u9mzc6rsf.i.optimole.com\/cb:Y0oE.2e511\/w:620\/h:465\/q:mauto\/f:best\/https:\/\/www.paroisse-saint-melaine53.fr\/wp-content\/uploads\/2024\/05\/A-9-scaled.jpg 620w, https:\/\/ml8u9mzc6rsf.i.optimole.com\/cb:Y0oE.2e511\/w:400\/h:300\/q:mauto\/f:best\/https:\/\/www.paroisse-saint-melaine53.fr\/wp-content\/uploads\/2024\/05\/A-9-scaled.jpg 400w\" data-sizes=\"(max-width: 1200px) 100vw, 1200px\" src=\"data:image\/svg+xml;base64,PHN2ZyB3aWR0aD0iMSIgaGVpZ2h0PSIxIiB4bWxucz0iaHR0cDovL3d3dy53My5vcmcvMjAwMC9zdmciPjwvc3ZnPg==\" \/><\/a><\/figure>\n<\/div>\n\n\n\n<div class=\"wp-block-column is-layout-flow wp-block-column-is-layout-flow\">\n<figure class=\"wp-block-image size-large is-resized has-custom-border\"><a href=\"https:\/\/www.paroisse-saint-melaine53.fr\/?page_id=4150\"><img data-opt-id=887324767  fetchpriority=\"high\" decoding=\"async\" width=\"960\" height=\"876\" data-src=\"https:\/\/ml8u9mzc6rsf.i.optimole.com\/cb:Y0oE.2e511\/w:960\/h:876\/q:mauto\/f:best\/https:\/\/www.paroisse-saint-melaine53.fr\/wp-content\/uploads\/2024\/05\/A-10.jpg\" alt=\"\" class=\"wp-image-4007 lazyload\" style=\"--smush-placeholder-width: 960px; --smush-placeholder-aspect-ratio: 960\/876;border-radius:85px;object-fit:cover;width:100px;height:100px\" data-srcset=\"https:\/\/ml8u9mzc6rsf.i.optimole.com\/cb:Y0oE.2e511\/w:960\/h:876\/q:mauto\/f:best\/https:\/\/www.paroisse-saint-melaine53.fr\/wp-content\/uploads\/2024\/05\/A-10-scaled.jpg 960w, https:\/\/ml8u9mzc6rsf.i.optimole.com\/cb:Y0oE.2e511\/w:595\/h:543\/q:mauto\/f:best\/https:\/\/www.paroisse-saint-melaine53.fr\/wp-content\/uploads\/2024\/05\/A-10-scaled.jpg 595w, https:\/\/ml8u9mzc6rsf.i.optimole.com\/cb:Y0oE.2e511\/w:768\/h:701\/q:mauto\/f:best\/https:\/\/www.paroisse-saint-melaine53.fr\/wp-content\/uploads\/2024\/05\/A-10-scaled.jpg 768w, https:\/\/ml8u9mzc6rsf.i.optimole.com\/cb:Y0oE.2e511\/w:600\/h:548\/q:mauto\/f:best\/https:\/\/www.paroisse-saint-melaine53.fr\/wp-content\/uploads\/2024\/05\/A-10-scaled.jpg 600w, https:\/\/ml8u9mzc6rsf.i.optimole.com\/cb:Y0oE.2e511\/w:1183\/h:1080\/q:mauto\/f:best\/https:\/\/www.paroisse-saint-melaine53.fr\/wp-content\/uploads\/2024\/05\/A-10-scaled.jpg 1536w, https:\/\/ml8u9mzc6rsf.i.optimole.com\/cb:Y0oE.2e511\/w:1183\/h:1080\/q:mauto\/f:best\/https:\/\/www.paroisse-saint-melaine53.fr\/wp-content\/uploads\/2024\/05\/A-10-scaled.jpg 2048w\" data-sizes=\"(max-width: 960px) 100vw, 960px\" src=\"data:image\/svg+xml;base64,PHN2ZyB3aWR0aD0iMSIgaGVpZ2h0PSIxIiB4bWxucz0iaHR0cDovL3d3dy53My5vcmcvMjAwMC9zdmciPjwvc3ZnPg==\" \/><\/a><\/figure>\n<\/div>\n\n\n\n<div class=\"wp-block-column is-layout-flow wp-block-column-is-layout-flow\">\n<figure class=\"wp-block-image size-large is-resized has-custom-border\"><a href=\"https:\/\/www.paroisse-saint-melaine53.fr\/?page_id=4163\"><img data-opt-id=1411870661  decoding=\"async\" width=\"960\" height=\"720\" data-src=\"https:\/\/ml8u9mzc6rsf.i.optimole.com\/cb:Y0oE.2e511\/w:960\/h:720\/q:mauto\/f:best\/https:\/\/www.paroisse-saint-melaine53.fr\/wp-content\/uploads\/2024\/05\/B-4.jpg\" alt=\"\" class=\"wp-image-4032 lazyload\" style=\"--smush-placeholder-width: 960px; --smush-placeholder-aspect-ratio: 960\/720;border-radius:85px;aspect-ratio:1;object-fit:cover;width:104px;height:auto\" data-srcset=\"https:\/\/ml8u9mzc6rsf.i.optimole.com\/cb:Y0oE.2e511\/w:960\/h:720\/q:mauto\/f:best\/https:\/\/www.paroisse-saint-melaine53.fr\/wp-content\/uploads\/2024\/05\/B-4-scaled.jpg 960w, https:\/\/ml8u9mzc6rsf.i.optimole.com\/cb:Y0oE.2e511\/w:595\/h:446\/q:mauto\/f:best\/https:\/\/www.paroisse-saint-melaine53.fr\/wp-content\/uploads\/2024\/05\/B-4-scaled.jpg 595w, https:\/\/ml8u9mzc6rsf.i.optimole.com\/cb:Y0oE.2e511\/w:768\/h:576\/q:mauto\/f:best\/https:\/\/www.paroisse-saint-melaine53.fr\/wp-content\/uploads\/2024\/05\/B-4-scaled.jpg 768w, https:\/\/ml8u9mzc6rsf.i.optimole.com\/cb:Y0oE.2e511\/w:600\/h:450\/q:mauto\/f:best\/https:\/\/www.paroisse-saint-melaine53.fr\/wp-content\/uploads\/2024\/05\/B-4-scaled.jpg 600w, https:\/\/ml8u9mzc6rsf.i.optimole.com\/cb:Y0oE.2e511\/w:1440\/h:1080\/q:mauto\/f:best\/https:\/\/www.paroisse-saint-melaine53.fr\/wp-content\/uploads\/2024\/05\/B-4-scaled.jpg 1536w, https:\/\/ml8u9mzc6rsf.i.optimole.com\/cb:Y0oE.2e511\/w:1440\/h:1080\/q:mauto\/f:best\/https:\/\/www.paroisse-saint-melaine53.fr\/wp-content\/uploads\/2024\/05\/B-4-scaled.jpg 2048w, https:\/\/ml8u9mzc6rsf.i.optimole.com\/cb:Y0oE.2e511\/w:800\/h:600\/q:mauto\/f:best\/https:\/\/www.paroisse-saint-melaine53.fr\/wp-content\/uploads\/2024\/05\/B-4-scaled.jpg 800w, https:\/\/ml8u9mzc6rsf.i.optimole.com\/cb:Y0oE.2e511\/w:620\/h:465\/q:mauto\/f:best\/https:\/\/www.paroisse-saint-melaine53.fr\/wp-content\/uploads\/2024\/05\/B-4-scaled.jpg 620w, https:\/\/ml8u9mzc6rsf.i.optimole.com\/cb:Y0oE.2e511\/w:400\/h:300\/q:mauto\/f:best\/https:\/\/www.paroisse-saint-melaine53.fr\/wp-content\/uploads\/2024\/05\/B-4-scaled.jpg 400w\" data-sizes=\"(max-width: 960px) 100vw, 960px\" src=\"data:image\/svg+xml;base64,PHN2ZyB3aWR0aD0iMSIgaGVpZ2h0PSIxIiB4bWxucz0iaHR0cDovL3d3dy53My5vcmcvMjAwMC9zdmciPjwvc3ZnPg==\" \/><\/a><\/figure>\n<\/div>\n<\/div>\n\n\n\n<div class=\"wp-block-columns is-layout-flex wp-container-core-columns-is-layout-9d6595d7 wp-block-columns-is-layout-flex\">\n<div class=\"wp-block-column is-layout-flow wp-block-column-is-layout-flow\">\n<figure class=\"wp-block-image size-large is-resized has-custom-border\"><a href=\"https:\/\/www.paroisse-saint-melaine53.fr\/?page_id=4346\"><img data-opt-id=1430064585  decoding=\"async\" width=\"960\" height=\"720\" data-src=\"https:\/\/ml8u9mzc6rsf.i.optimole.com\/cb:Y0oE.2e511\/w:960\/h:720\/q:mauto\/f:best\/https:\/\/www.paroisse-saint-melaine53.fr\/wp-content\/uploads\/2024\/05\/B-5.jpg\" alt=\"\" class=\"wp-image-4186 lazyload\" style=\"--smush-placeholder-width: 960px; --smush-placeholder-aspect-ratio: 960\/720;border-radius:85px;object-fit:cover;width:100px;height:100px\" data-srcset=\"https:\/\/ml8u9mzc6rsf.i.optimole.com\/cb:Y0oE.2e511\/w:960\/h:720\/q:mauto\/f:best\/https:\/\/www.paroisse-saint-melaine53.fr\/wp-content\/uploads\/2024\/05\/B-5-scaled.jpg 960w, https:\/\/ml8u9mzc6rsf.i.optimole.com\/cb:Y0oE.2e511\/w:595\/h:446\/q:mauto\/f:best\/https:\/\/www.paroisse-saint-melaine53.fr\/wp-content\/uploads\/2024\/05\/B-5-scaled.jpg 595w, https:\/\/ml8u9mzc6rsf.i.optimole.com\/cb:Y0oE.2e511\/w:768\/h:576\/q:mauto\/f:best\/https:\/\/www.paroisse-saint-melaine53.fr\/wp-content\/uploads\/2024\/05\/B-5-scaled.jpg 768w, https:\/\/ml8u9mzc6rsf.i.optimole.com\/cb:Y0oE.2e511\/w:600\/h:450\/q:mauto\/f:best\/https:\/\/www.paroisse-saint-melaine53.fr\/wp-content\/uploads\/2024\/05\/B-5-scaled.jpg 600w, https:\/\/ml8u9mzc6rsf.i.optimole.com\/cb:Y0oE.2e511\/w:1440\/h:1080\/q:mauto\/f:best\/https:\/\/www.paroisse-saint-melaine53.fr\/wp-content\/uploads\/2024\/05\/B-5-scaled.jpg 1536w, https:\/\/ml8u9mzc6rsf.i.optimole.com\/cb:Y0oE.2e511\/w:1440\/h:1080\/q:mauto\/f:best\/https:\/\/www.paroisse-saint-melaine53.fr\/wp-content\/uploads\/2024\/05\/B-5-scaled.jpg 2048w\" data-sizes=\"(max-width: 960px) 100vw, 960px\" src=\"data:image\/svg+xml;base64,PHN2ZyB3aWR0aD0iMSIgaGVpZ2h0PSIxIiB4bWxucz0iaHR0cDovL3d3dy53My5vcmcvMjAwMC9zdmciPjwvc3ZnPg==\" \/><\/a><\/figure>\n<\/div>\n\n\n\n<div class=\"wp-block-column is-layout-flow wp-block-column-is-layout-flow\">\n<figure class=\"wp-block-image size-large is-resized has-custom-border\"><a href=\"https:\/\/www.paroisse-saint-melaine53.fr\/?page_id=4350\"><img data-opt-id=1329570066  decoding=\"async\" width=\"960\" height=\"720\" data-src=\"https:\/\/ml8u9mzc6rsf.i.optimole.com\/cb:Y0oE.2e511\/w:960\/h:720\/q:mauto\/f:best\/https:\/\/www.paroisse-saint-melaine53.fr\/wp-content\/uploads\/2024\/05\/B-6.jpg\" alt=\"\" class=\"wp-image-4199 lazyload\" style=\"--smush-placeholder-width: 960px; --smush-placeholder-aspect-ratio: 960\/720;border-radius:85px;object-fit:cover;width:100px;height:100px\" data-srcset=\"https:\/\/ml8u9mzc6rsf.i.optimole.com\/cb:Y0oE.2e511\/w:960\/h:720\/q:mauto\/f:best\/https:\/\/www.paroisse-saint-melaine53.fr\/wp-content\/uploads\/2024\/05\/B-6-scaled.jpg 960w, https:\/\/ml8u9mzc6rsf.i.optimole.com\/cb:Y0oE.2e511\/w:595\/h:446\/q:mauto\/f:best\/https:\/\/www.paroisse-saint-melaine53.fr\/wp-content\/uploads\/2024\/05\/B-6-scaled.jpg 595w, https:\/\/ml8u9mzc6rsf.i.optimole.com\/cb:Y0oE.2e511\/w:768\/h:576\/q:mauto\/f:best\/https:\/\/www.paroisse-saint-melaine53.fr\/wp-content\/uploads\/2024\/05\/B-6-scaled.jpg 768w, https:\/\/ml8u9mzc6rsf.i.optimole.com\/cb:Y0oE.2e511\/w:600\/h:450\/q:mauto\/f:best\/https:\/\/www.paroisse-saint-melaine53.fr\/wp-content\/uploads\/2024\/05\/B-6-scaled.jpg 600w, https:\/\/ml8u9mzc6rsf.i.optimole.com\/cb:Y0oE.2e511\/w:1440\/h:1080\/q:mauto\/f:best\/https:\/\/www.paroisse-saint-melaine53.fr\/wp-content\/uploads\/2024\/05\/B-6-scaled.jpg 1536w, https:\/\/ml8u9mzc6rsf.i.optimole.com\/cb:Y0oE.2e511\/w:1440\/h:1080\/q:mauto\/f:best\/https:\/\/www.paroisse-saint-melaine53.fr\/wp-content\/uploads\/2024\/05\/B-6-scaled.jpg 2048w\" data-sizes=\"(max-width: 960px) 100vw, 960px\" src=\"data:image\/svg+xml;base64,PHN2ZyB3aWR0aD0iMSIgaGVpZ2h0PSIxIiB4bWxucz0iaHR0cDovL3d3dy53My5vcmcvMjAwMC9zdmciPjwvc3ZnPg==\" \/><\/a><\/figure>\n<\/div>\n\n\n\n<div class=\"wp-block-column is-layout-flow wp-block-column-is-layout-flow\">\n<figure class=\"wp-block-image size-large is-resized has-custom-border\"><a href=\"https:\/\/www.paroisse-saint-melaine53.fr\/?page_id=4353\"><img data-opt-id=37479130  decoding=\"async\" width=\"960\" height=\"720\" data-src=\"https:\/\/ml8u9mzc6rsf.i.optimole.com\/cb:Y0oE.2e511\/w:960\/h:720\/q:mauto\/f:best\/https:\/\/www.paroisse-saint-melaine53.fr\/wp-content\/uploads\/2024\/05\/A-13.jpg\" alt=\"\" class=\"wp-image-4210 lazyload\" style=\"--smush-placeholder-width: 960px; --smush-placeholder-aspect-ratio: 960\/720;border-radius:85px;object-fit:cover;width:100px;height:100px\" data-srcset=\"https:\/\/ml8u9mzc6rsf.i.optimole.com\/cb:Y0oE.2e511\/w:960\/h:720\/q:mauto\/f:best\/https:\/\/www.paroisse-saint-melaine53.fr\/wp-content\/uploads\/2024\/05\/A-13-scaled.jpg 960w, https:\/\/ml8u9mzc6rsf.i.optimole.com\/cb:Y0oE.2e511\/w:595\/h:446\/q:mauto\/f:best\/https:\/\/www.paroisse-saint-melaine53.fr\/wp-content\/uploads\/2024\/05\/A-13-scaled.jpg 595w, https:\/\/ml8u9mzc6rsf.i.optimole.com\/cb:Y0oE.2e511\/w:768\/h:576\/q:mauto\/f:best\/https:\/\/www.paroisse-saint-melaine53.fr\/wp-content\/uploads\/2024\/05\/A-13-scaled.jpg 768w, https:\/\/ml8u9mzc6rsf.i.optimole.com\/cb:Y0oE.2e511\/w:600\/h:450\/q:mauto\/f:best\/https:\/\/www.paroisse-saint-melaine53.fr\/wp-content\/uploads\/2024\/05\/A-13-scaled.jpg 600w, https:\/\/ml8u9mzc6rsf.i.optimole.com\/cb:Y0oE.2e511\/w:1440\/h:1080\/q:mauto\/f:best\/https:\/\/www.paroisse-saint-melaine53.fr\/wp-content\/uploads\/2024\/05\/A-13-scaled.jpg 1536w, https:\/\/ml8u9mzc6rsf.i.optimole.com\/cb:Y0oE.2e511\/w:1440\/h:1080\/q:mauto\/f:best\/https:\/\/www.paroisse-saint-melaine53.fr\/wp-content\/uploads\/2024\/05\/A-13-scaled.jpg 2048w\" data-sizes=\"(max-width: 960px) 100vw, 960px\" src=\"data:image\/svg+xml;base64,PHN2ZyB3aWR0aD0iMSIgaGVpZ2h0PSIxIiB4bWxucz0iaHR0cDovL3d3dy53My5vcmcvMjAwMC9zdmciPjwvc3ZnPg==\" \/><\/a><\/figure>\n<\/div>\n\n\n\n<div class=\"wp-block-column is-layout-flow wp-block-column-is-layout-flow\">\n<figure class=\"wp-block-image size-large is-resized has-custom-border\"><a href=\"https:\/\/www.paroisse-saint-melaine53.fr\/?page_id=4356\"><img data-opt-id=1186321221  decoding=\"async\" width=\"960\" height=\"720\" data-src=\"https:\/\/ml8u9mzc6rsf.i.optimole.com\/cb:Y0oE.2e511\/w:960\/h:720\/q:mauto\/f:best\/https:\/\/www.paroisse-saint-melaine53.fr\/wp-content\/uploads\/2024\/05\/B-8.jpg\" alt=\"\" class=\"wp-image-4242 lazyload\" style=\"--smush-placeholder-width: 960px; --smush-placeholder-aspect-ratio: 960\/720;border-radius:85px;object-fit:cover;width:100px;height:100px\" data-srcset=\"https:\/\/ml8u9mzc6rsf.i.optimole.com\/cb:Y0oE.2e511\/w:960\/h:720\/q:mauto\/f:best\/https:\/\/www.paroisse-saint-melaine53.fr\/wp-content\/uploads\/2024\/05\/B-8-scaled.jpg 960w, https:\/\/ml8u9mzc6rsf.i.optimole.com\/cb:Y0oE.2e511\/w:595\/h:446\/q:mauto\/f:best\/https:\/\/www.paroisse-saint-melaine53.fr\/wp-content\/uploads\/2024\/05\/B-8-scaled.jpg 595w, https:\/\/ml8u9mzc6rsf.i.optimole.com\/cb:Y0oE.2e511\/w:768\/h:576\/q:mauto\/f:best\/https:\/\/www.paroisse-saint-melaine53.fr\/wp-content\/uploads\/2024\/05\/B-8-scaled.jpg 768w, https:\/\/ml8u9mzc6rsf.i.optimole.com\/cb:Y0oE.2e511\/w:600\/h:450\/q:mauto\/f:best\/https:\/\/www.paroisse-saint-melaine53.fr\/wp-content\/uploads\/2024\/05\/B-8-scaled.jpg 600w, https:\/\/ml8u9mzc6rsf.i.optimole.com\/cb:Y0oE.2e511\/w:1440\/h:1080\/q:mauto\/f:best\/https:\/\/www.paroisse-saint-melaine53.fr\/wp-content\/uploads\/2024\/05\/B-8-scaled.jpg 1536w, https:\/\/ml8u9mzc6rsf.i.optimole.com\/cb:Y0oE.2e511\/w:1440\/h:1080\/q:mauto\/f:best\/https:\/\/www.paroisse-saint-melaine53.fr\/wp-content\/uploads\/2024\/05\/B-8-scaled.jpg 2048w\" data-sizes=\"(max-width: 960px) 100vw, 960px\" src=\"data:image\/svg+xml;base64,PHN2ZyB3aWR0aD0iMSIgaGVpZ2h0PSIxIiB4bWxucz0iaHR0cDovL3d3dy53My5vcmcvMjAwMC9zdmciPjwvc3ZnPg==\" \/><\/a><\/figure>\n<\/div>\n<\/div>\n","protected":false},"excerpt":{"rendered":"<p>QUI SUIS-JE ? O\u00d9 SUIS-JE ?<\/p>\n","protected":false},"author":1,"featured_media":3991,"parent":0,"menu_order":0,"comment_status":"closed","ping_status":"closed","template":"","meta":{"_acf_changed":false,"advgb_blocks_editor_width":"","advgb_blocks_columns_visual_guide":"","_monsterinsights_skip_tracking":false,"_monsterinsights_sitenote_active":false,"_monsterinsights_sitenote_note":"","_monsterinsights_sitenote_category":0,"neve_meta_sidebar":"","neve_meta_container":"","neve_meta_enable_content_width":"","neve_meta_content_width":0,"neve_meta_title_alignment":"","neve_meta_author_avatar":"","neve_post_elements_order":"","neve_meta_disable_header":"","neve_meta_disable_footer":"","neve_meta_disable_title":"","footnotes":""},"class_list":["post-240","page","type-page","status-publish","has-post-thumbnail","hentry"],"acf":[],"aioseo_notices":[],"coauthors":[],"author_meta":{"author_link":"https:\/\/www.paroisse-saint-melaine53.fr\/?author=1","display_name":"Jean-Luc"},"relative_dates":{"created":"Publi\u00e9 9 ans il y a","modified":"Mis \u00e0 jour 2 ans il y a"},"absolute_dates":{"created":"Publi\u00e9 le 12 d\u00e9cembre 2016","modified":"Mise \u00e0 jour le 26 mai 2024"},"absolute_dates_time":{"created":"Publi\u00e9 le 12 d\u00e9cembre 2016 22 h 29 min","modified":"Mise \u00e0 jour le 26 mai 2024 13 h 50 min"},"featured_img_caption":"","featured_img":"https:\/\/ml8u9mzc6rsf.i.optimole.com\/cb:Y0oE.2e511\/w:auto\/h:auto\/q:mauto\/f:best\/https:\/\/www.paroisse-saint-melaine53.fr\/wp-content\/uploads\/2024\/05\/A-9-scaled.jpg","series_order":"","_links":{"self":[{"href":"https:\/\/www.paroisse-saint-melaine53.fr\/index.php?rest_route=\/wp\/v2\/pages\/240","targetHints":{"allow":["GET"]}}],"collection":[{"href":"https:\/\/www.paroisse-saint-melaine53.fr\/index.php?rest_route=\/wp\/v2\/pages"}],"about":[{"href":"https:\/\/www.paroisse-saint-melaine53.fr\/index.php?rest_route=\/wp\/v2\/types\/page"}],"author":[{"embeddable":true,"href":"https:\/\/www.paroisse-saint-melaine53.fr\/index.php?rest_route=\/wp\/v2\/users\/1"}],"replies":[{"embeddable":true,"href":"https:\/\/www.paroisse-saint-melaine53.fr\/index.php?rest_route=%2Fwp%2Fv2%2Fcomments&post=240"}],"version-history":[{"count":29,"href":"https:\/\/www.paroisse-saint-melaine53.fr\/index.php?rest_route=\/wp\/v2\/pages\/240\/revisions"}],"predecessor-version":[{"id":4407,"href":"https:\/\/www.paroisse-saint-melaine53.fr\/index.php?rest_route=\/wp\/v2\/pages\/240\/revisions\/4407"}],"wp:featuredmedia":[{"embeddable":true,"href":"https:\/\/www.paroisse-saint-melaine53.fr\/index.php?rest_route=\/wp\/v2\/media\/3991"}],"wp:attachment":[{"href":"https:\/\/www.paroisse-saint-melaine53.fr\/index.php?rest_route=%2Fwp%2Fv2%2Fmedia&parent=240"}],"curies":[{"name":"wp","href":"https:\/\/api.w.org\/{rel}","templated":true}]}}