{"id":310,"date":"2016-12-15T17:44:51","date_gmt":"2016-12-15T16:44:51","guid":{"rendered":"http:\/\/www.paroisse-saint-melaine53.fr\/?page_id=310"},"modified":"2023-12-13T16:17:14","modified_gmt":"2023-12-13T15:17:14","slug":"fraternite-paroissiale","status":"publish","type":"page","link":"https:\/\/www.paroisse-saint-melaine53.fr\/?page_id=310","title":{"rendered":"Fraternit\u00e9 et mission"},"content":{"rendered":"<h2 style=\"text-align: center\">Fraternit\u00e9 paroissiale<\/h2>\n<p><em><strong><span style=\"color: #000080\">\u00ab\u00a0Que tous soient uns, [&#8230;] pour que le monde croie que tu m&rsquo;as envoy\u00e9. \u00a0\u00bb Jean 17,21<\/span><\/strong><\/em><\/p>\n<p style=\"text-align: center\"><strong>\u00a0<\/strong><\/p>\n<h2 style=\"text-align: center\">Missions paroissiales du samedi<\/h2>\n<p>Un samedi par moi, des paroissiens vont \u00e0 la rencontre des habitants d&rsquo;une commune de notre paroisse pour t\u00e9moigner de la sollicitude et de la pri\u00e8re de toute la paroisse pour chacun, connu ou inconnu. Durant ces visites, d&rsquo;autres se tiennent devant le Saint-Sacrement pour \u00ab\u00a0ouvrir\u00a0\u00bb le c\u0153ur des hommes et le c\u0153ur de Dieu. Dans la foi, nous croyons que ces visites ouvrent le chemin de Dieu qui veut aimer, consoler, gu\u00e9rir.<\/p>\n<p><span style=\"color: #0000ff\"><strong>Je donne 1\/2 h, 1 heure, ou plus, pour la mission&#8230;un temps de visite, un temps de pri\u00e8re :<\/strong><\/span><\/p>\n<p><img data-opt-id=1709461154  fetchpriority=\"high\" decoding=\"async\" class=\"aligncenter size-full wp-image-483 lazyload\" data-src=\"https:\/\/ml8u9mzc6rsf.i.optimole.com\/cb:Y0oE.2e511\/w:auto\/h:auto\/q:mauto\/f:best\/https:\/\/www.paroisse-saint-melaine53.fr\/wp-content\/uploads\/2016\/12\/frise_mission_2017.jpg\" alt=\"\" width=\"4134\" height=\"1355\" data-srcset=\"https:\/\/ml8u9mzc6rsf.i.optimole.com\/cb:Y0oE.2e511\/w:1920\/h:629\/q:mauto\/f:best\/https:\/\/www.paroisse-saint-melaine53.fr\/wp-content\/uploads\/2016\/12\/frise_mission_2017.jpg 4134w, https:\/\/ml8u9mzc6rsf.i.optimole.com\/cb:Y0oE.2e511\/w:595\/h:195\/q:mauto\/f:best\/https:\/\/www.paroisse-saint-melaine53.fr\/wp-content\/uploads\/2016\/12\/frise_mission_2017.jpg 595w, https:\/\/ml8u9mzc6rsf.i.optimole.com\/cb:Y0oE.2e511\/w:768\/h:252\/q:mauto\/f:best\/https:\/\/www.paroisse-saint-melaine53.fr\/wp-content\/uploads\/2016\/12\/frise_mission_2017.jpg 768w, https:\/\/ml8u9mzc6rsf.i.optimole.com\/cb:Y0oE.2e511\/w:960\/h:315\/q:mauto\/f:best\/https:\/\/www.paroisse-saint-melaine53.fr\/wp-content\/uploads\/2016\/12\/frise_mission_2017.jpg 960w, https:\/\/ml8u9mzc6rsf.i.optimole.com\/cb:Y0oE.2e511\/w:370\/h:121\/q:mauto\/f:best\/https:\/\/www.paroisse-saint-melaine53.fr\/wp-content\/uploads\/2016\/12\/frise_mission_2017.jpg 370w, https:\/\/ml8u9mzc6rsf.i.optimole.com\/cb:Y0oE.2e511\/w:1040\/h:341\/q:mauto\/f:best\/https:\/\/www.paroisse-saint-melaine53.fr\/wp-content\/uploads\/2016\/12\/frise_mission_2017.jpg 1040w\" data-sizes=\"(max-width: 1200px) 100vw, 1200px\" src=\"data:image\/svg+xml;base64,PHN2ZyB3aWR0aD0iMSIgaGVpZ2h0PSIxIiB4bWxucz0iaHR0cDovL3d3dy53My5vcmcvMjAwMC9zdmciPjwvc3ZnPg==\" style=\"--smush-placeholder-width: 4134px; --smush-placeholder-aspect-ratio: 4134\/1355;\" \/><\/p>\n<h2 style=\"text-align: center\">Scrutation de la Parole<\/h2>\n<p>Plusieurs groupes de paroissiens se retrouvent r\u00e9guli\u00e8rement pour se mettre \u00e0 l&rsquo;\u00e9coute de la Parole de Dieu ensemble.<\/p>\n\n\n<p><\/p>\n","protected":false},"excerpt":{"rendered":"<p>Fraternit\u00e9 paroissiale \u00ab\u00a0Que tous soient uns, [&#8230;] pour que le monde croie que tu m&rsquo;as envoy\u00e9. \u00a0\u00bb Jean 17,21 \u00a0 Missions paroissiales du samedi Un samedi par moi, des paroissiens vont \u00e0 la rencontre des habitants d&rsquo;une commune de notre paroisse pour t\u00e9moigner de la sollicitude et de la pri\u00e8re de toute la paroisse pour&hellip;&nbsp;<a href=\"https:\/\/www.paroisse-saint-melaine53.fr\/?page_id=310\" rel=\"bookmark\">Lire la suite &raquo;<span class=\"screen-reader-text\">Fraternit\u00e9 et mission<\/span><\/a><\/p>\n","protected":false},"author":1,"featured_media":1256,"parent":0,"menu_order":40,"comment_status":"closed","ping_status":"closed","template":"","meta":{"_acf_changed":false,"advgb_blocks_editor_width":"","advgb_blocks_columns_visual_guide":"","_monsterinsights_skip_tracking":false,"_monsterinsights_sitenote_active":false,"_monsterinsights_sitenote_note":"","_monsterinsights_sitenote_category":0,"neve_meta_sidebar":"","neve_meta_container":"","neve_meta_enable_content_width":"","neve_meta_content_width":0,"neve_meta_title_alignment":"","neve_meta_author_avatar":"","neve_post_elements_order":"","neve_meta_disable_header":"","neve_meta_disable_footer":"","neve_meta_disable_title":"","footnotes":""},"class_list":["post-310","page","type-page","status-publish","has-post-thumbnail","hentry"],"acf":[],"aioseo_notices":[],"coauthors":[],"author_meta":{"author_link":"https:\/\/www.paroisse-saint-melaine53.fr\/?author=1","display_name":"Jean-Luc"},"relative_dates":{"created":"Publi\u00e9 9 ans il y a","modified":"Mis \u00e0 jour 2 ans il y a"},"absolute_dates":{"created":"Publi\u00e9 le 15 d\u00e9cembre 2016","modified":"Mise \u00e0 jour le 13 d\u00e9cembre 2023"},"absolute_dates_time":{"created":"Publi\u00e9 le 15 d\u00e9cembre 2016 17 h 44 min","modified":"Mise \u00e0 jour le 13 d\u00e9cembre 2023 16 h 17 min"},"featured_img_caption":"","featured_img":"https:\/\/ml8u9mzc6rsf.i.optimole.com\/cb:Y0oE.2e511\/w:auto\/h:auto\/q:mauto\/f:best\/https:\/\/www.paroisse-saint-melaine53.fr\/wp-content\/uploads\/2019\/01\/Tous-en-mission-1-1.png","series_order":"","_links":{"self":[{"href":"https:\/\/www.paroisse-saint-melaine53.fr\/index.php?rest_route=\/wp\/v2\/pages\/310","targetHints":{"allow":["GET"]}}],"collection":[{"href":"https:\/\/www.paroisse-saint-melaine53.fr\/index.php?rest_route=\/wp\/v2\/pages"}],"about":[{"href":"https:\/\/www.paroisse-saint-melaine53.fr\/index.php?rest_route=\/wp\/v2\/types\/page"}],"author":[{"embeddable":true,"href":"https:\/\/www.paroisse-saint-melaine53.fr\/index.php?rest_route=\/wp\/v2\/users\/1"}],"replies":[{"embeddable":true,"href":"https:\/\/www.paroisse-saint-melaine53.fr\/index.php?rest_route=%2Fwp%2Fv2%2Fcomments&post=310"}],"version-history":[{"count":21,"href":"https:\/\/www.paroisse-saint-melaine53.fr\/index.php?rest_route=\/wp\/v2\/pages\/310\/revisions"}],"predecessor-version":[{"id":3434,"href":"https:\/\/www.paroisse-saint-melaine53.fr\/index.php?rest_route=\/wp\/v2\/pages\/310\/revisions\/3434"}],"wp:featuredmedia":[{"embeddable":true,"href":"https:\/\/www.paroisse-saint-melaine53.fr\/index.php?rest_route=\/wp\/v2\/media\/1256"}],"wp:attachment":[{"href":"https:\/\/www.paroisse-saint-melaine53.fr\/index.php?rest_route=%2Fwp%2Fv2%2Fmedia&parent=310"}],"curies":[{"name":"wp","href":"https:\/\/api.w.org\/{rel}","templated":true}]}}