{"id":4135,"date":"2024-05-23T15:03:40","date_gmt":"2024-05-23T14:03:40","guid":{"rendered":"https:\/\/www.paroisse-saint-melaine53.fr\/?page_id=4135"},"modified":"2024-05-25T14:33:29","modified_gmt":"2024-05-25T13:33:29","slug":"bonchamp","status":"publish","type":"page","link":"https:\/\/www.paroisse-saint-melaine53.fr\/?page_id=4135","title":{"rendered":"Bonchamp"},"content":{"rendered":"\n<h2 class=\"wp-block-heading has-text-align-center has-neve-link-color-color has-text-color has-link-color wp-elements-a3d9cf32c79b114d1537c46abc31df7a\">\u00e9glise<\/h2>\n\n\n\n<div class=\"alignnormal\"><div id=\"metaslider-id-3990\" style=\"width: 100%; margin: 0 auto;\" class=\"ml-slider-3-108-0 metaslider metaslider-flex metaslider-3990 ml-slider has-carousel-mode ms-theme-default nav-hidden\" role=\"region\" aria-label=\"\u00c9GLISE BONCHAMP L\u00c8S LAVAL\">\n    <div id=\"metaslider_container_3990\">\n        <div id=\"metaslider_3990\">\n            <ul aria-live='off' class='slides'>\n                <li style=\"display: none; width: 100%;\" class=\"slide-4044 ms-image \" aria-roledescription=\"slide\" data-date=\"2024-05-22 20:06:42\" data-filename=\"A-9-scaled-0x0.jpg\" data-slide-type=\"image\"><img data-opt-id=1462294712  fetchpriority=\"high\" decoding=\"async\" data-src=\"https:\/\/ml8u9mzc6rsf.i.optimole.com\/cb:Y0oE.2e511\/w:auto\/h:auto\/q:mauto\/f:best\/https:\/\/www.paroisse-saint-melaine53.fr\/wp-content\/uploads\/2024\/05\/A-9-scaled.jpg\" alt=\"\" class=\"slider-3990 slide-4044 msDefaultImage lazyload\" title=\"A\" src=\"data:image\/svg+xml;base64,PHN2ZyB3aWR0aD0iMSIgaGVpZ2h0PSIxIiB4bWxucz0iaHR0cDovL3d3dy53My5vcmcvMjAwMC9zdmciPjwvc3ZnPg==\" style=\"--smush-placeholder-width: 2560px; --smush-placeholder-aspect-ratio: 2560\/1920;\" \/><div class=\"caption-wrap\"><div class=\"caption\"><div style=\"text-align:center;\"><strong><span style=\"font-size:16pt;line-height:115%;font-family:Montserrat;color:#272626;background:#FFFFFF;\">SAINT BLAISE<\/span><\/strong><span style=\"font-size:11pt;line-height:115%;font-family:Montserrat;color:#272626;background:#FFFFFF;\"> <\/span><\/div>\n<div style=\"text-align:center;\"><strong><span style=\"font-size:16pt;line-height:115%;font-family:Montserrat;color:#272626;background:#FFFFFF;\"><span style=\"font-size:18pt;line-height:115%;font-family:Montserrat;color:#272626;background:#FFFFFF;\">Bonchamp L\u00e8s Laval<\/span><\/span><\/strong><\/div><\/div><\/div><\/li>\n                <li style=\"display: none; width: 100%;\" class=\"slide-4043 ms-image \" aria-roledescription=\"slide\" data-date=\"2024-05-22 20:06:42\" data-filename=\"A-1-1-scaled-0x0.jpg\" data-slide-type=\"image\"><img data-opt-id=255463308  fetchpriority=\"high\" decoding=\"async\" data-src=\"https:\/\/ml8u9mzc6rsf.i.optimole.com\/cb:Y0oE.2e511\/w:auto\/h:auto\/q:mauto\/f:best\/https:\/\/www.paroisse-saint-melaine53.fr\/wp-content\/uploads\/2024\/05\/A-1-1-scaled.jpg\" alt=\"\" class=\"slider-3990 slide-4043 msDefaultImage lazyload\" title=\"A-1\" src=\"data:image\/svg+xml;base64,PHN2ZyB3aWR0aD0iMSIgaGVpZ2h0PSIxIiB4bWxucz0iaHR0cDovL3d3dy53My5vcmcvMjAwMC9zdmciPjwvc3ZnPg==\" style=\"--smush-placeholder-width: 2560px; --smush-placeholder-aspect-ratio: 2560\/1920;\" \/><\/li>\n                <li style=\"display: none; width: 100%;\" class=\"slide-4042 ms-image \" aria-roledescription=\"slide\" data-date=\"2024-05-22 20:06:41\" data-filename=\"B-2-scaled-0x0.jpg\" data-slide-type=\"image\"><img data-opt-id=758739790  fetchpriority=\"high\" decoding=\"async\" data-src=\"https:\/\/ml8u9mzc6rsf.i.optimole.com\/cb:Y0oE.2e511\/w:auto\/h:auto\/q:mauto\/f:best\/https:\/\/www.paroisse-saint-melaine53.fr\/wp-content\/uploads\/2024\/05\/B-2-scaled.jpg\" alt=\"\" class=\"slider-3990 slide-4042 msDefaultImage lazyload\" title=\"B\" src=\"data:image\/svg+xml;base64,PHN2ZyB3aWR0aD0iMSIgaGVpZ2h0PSIxIiB4bWxucz0iaHR0cDovL3d3dy53My5vcmcvMjAwMC9zdmciPjwvc3ZnPg==\" style=\"--smush-placeholder-width: 2560px; --smush-placeholder-aspect-ratio: 2560\/1920;\" \/><div class=\"caption-wrap\"><div class=\"caption\"><div style=\"text-align:center;\"><strong>Nombre de place: 301\u00a0<\/strong><\/div><\/div><\/div><\/li>\n                <li style=\"display: none; width: 100%;\" class=\"slide-4041 ms-image \" aria-roledescription=\"slide\" data-date=\"2024-05-22 20:06:41\" data-filename=\"C-1-scaled-0x0.jpg\" data-slide-type=\"image\"><img data-opt-id=388359630  decoding=\"async\" data-src=\"https:\/\/ml8u9mzc6rsf.i.optimole.com\/cb:Y0oE.2e511\/w:auto\/h:auto\/q:mauto\/f:best\/https:\/\/www.paroisse-saint-melaine53.fr\/wp-content\/uploads\/2024\/05\/C-1-scaled.jpg\" alt=\"\" class=\"slider-3990 slide-4041 msDefaultImage lazyload\" title=\"C\" src=\"data:image\/svg+xml;base64,PHN2ZyB3aWR0aD0iMSIgaGVpZ2h0PSIxIiB4bWxucz0iaHR0cDovL3d3dy53My5vcmcvMjAwMC9zdmciPjwvc3ZnPg==\" style=\"--smush-placeholder-width: 2560px; --smush-placeholder-aspect-ratio: 2560\/1920;\" \/><\/li>\n                <li style=\"display: none; width: 100%;\" class=\"slide-4053 ms-image \" aria-roledescription=\"slide\" data-date=\"2024-05-22 20:06:43\" data-filename=\"G-1-scaled-0x0.jpg\" data-slide-type=\"image\"><img data-opt-id=877395320  decoding=\"async\" data-src=\"https:\/\/ml8u9mzc6rsf.i.optimole.com\/cb:Y0oE.2e511\/w:auto\/h:auto\/q:mauto\/f:best\/https:\/\/www.paroisse-saint-melaine53.fr\/wp-content\/uploads\/2024\/05\/G-1-scaled.jpg\" alt=\"\" class=\"slider-3990 slide-4053 msDefaultImage lazyload\" title=\"G\" src=\"data:image\/svg+xml;base64,PHN2ZyB3aWR0aD0iMSIgaGVpZ2h0PSIxIiB4bWxucz0iaHR0cDovL3d3dy53My5vcmcvMjAwMC9zdmciPjwvc3ZnPg==\" style=\"--smush-placeholder-width: 2560px; --smush-placeholder-aspect-ratio: 2560\/1920;\" \/><div class=\"caption-wrap\"><div class=\"caption\"><div style=\"text-align:center;\"><strong>Cette \u00e9glise fut rconstruite au XIXe si\u00e8cle, entre 1868 et 1874,\u00a0<\/strong><strong>de style n\u00e9o-roman, elle est\u00a0<\/strong><strong>caract\u00e9ris\u00e9 par ses arcades en plein cintre, ses colonnes et ses chapiteaux sculpt\u00e9s.<\/strong><\/div><\/div><\/div><\/li>\n                <li style=\"display: none; width: 100%;\" class=\"slide-4039 ms-image \" aria-roledescription=\"slide\" data-date=\"2024-05-22 20:06:41\" data-filename=\"E-1-scaled-0x0.jpg\" data-slide-type=\"image\"><img data-opt-id=1459558024  decoding=\"async\" data-src=\"https:\/\/ml8u9mzc6rsf.i.optimole.com\/cb:Y0oE.2e511\/w:auto\/h:auto\/q:mauto\/f:best\/https:\/\/www.paroisse-saint-melaine53.fr\/wp-content\/uploads\/2024\/05\/E-1-scaled.jpg\" alt=\"\" class=\"slider-3990 slide-4039 msDefaultImage lazyload\" title=\"E\" src=\"data:image\/svg+xml;base64,PHN2ZyB3aWR0aD0iMSIgaGVpZ2h0PSIxIiB4bWxucz0iaHR0cDovL3d3dy53My5vcmcvMjAwMC9zdmciPjwvc3ZnPg==\" style=\"--smush-placeholder-width: 2560px; --smush-placeholder-aspect-ratio: 2560\/1920;\" \/><\/li>\n                <li style=\"display: none; width: 100%;\" class=\"slide-4040 ms-image \" aria-roledescription=\"slide\" data-date=\"2024-05-22 20:06:41\" data-filename=\"D-1-scaled-0x0.jpg\" data-slide-type=\"image\"><img data-opt-id=496600235  decoding=\"async\" data-src=\"https:\/\/ml8u9mzc6rsf.i.optimole.com\/cb:Y0oE.2e511\/w:auto\/h:auto\/q:mauto\/f:best\/https:\/\/www.paroisse-saint-melaine53.fr\/wp-content\/uploads\/2024\/05\/D-1-scaled.jpg\" alt=\"\" class=\"slider-3990 slide-4040 msDefaultImage lazyload\" title=\"D\" src=\"data:image\/svg+xml;base64,PHN2ZyB3aWR0aD0iMSIgaGVpZ2h0PSIxIiB4bWxucz0iaHR0cDovL3d3dy53My5vcmcvMjAwMC9zdmciPjwvc3ZnPg==\" style=\"--smush-placeholder-width: 2560px; --smush-placeholder-aspect-ratio: 2560\/1920;\" \/><\/li>\n                <li style=\"display: none; width: 100%;\" class=\"slide-4038 ms-image \" aria-roledescription=\"slide\" data-date=\"2024-05-22 20:06:41\" data-filename=\"F-1-scaled-0x0.jpg\" data-slide-type=\"image\"><img data-opt-id=872814250  decoding=\"async\" data-src=\"https:\/\/ml8u9mzc6rsf.i.optimole.com\/cb:Y0oE.2e511\/w:auto\/h:auto\/q:mauto\/f:best\/https:\/\/www.paroisse-saint-melaine53.fr\/wp-content\/uploads\/2024\/05\/F-1-scaled.jpg\" alt=\"\" class=\"slider-3990 slide-4038 msDefaultImage lazyload\" title=\"F\" src=\"data:image\/svg+xml;base64,PHN2ZyB3aWR0aD0iMSIgaGVpZ2h0PSIxIiB4bWxucz0iaHR0cDovL3d3dy53My5vcmcvMjAwMC9zdmciPjwvc3ZnPg==\" style=\"--smush-placeholder-width: 2560px; --smush-placeholder-aspect-ratio: 2560\/1920;\" \/><\/li>\n                <li style=\"display: none; width: 100%;\" class=\"slide-4051 ms-image \" aria-roledescription=\"slide\" data-date=\"2024-05-22 20:06:43\" data-filename=\"I-1-scaled-0x0.jpg\" data-slide-type=\"image\"><img data-opt-id=1282069958  decoding=\"async\" data-src=\"https:\/\/ml8u9mzc6rsf.i.optimole.com\/cb:Y0oE.2e511\/w:auto\/h:auto\/q:mauto\/f:best\/https:\/\/www.paroisse-saint-melaine53.fr\/wp-content\/uploads\/2024\/05\/I-1-scaled.jpg\" alt=\"\" class=\"slider-3990 slide-4051 msDefaultImage lazyload\" title=\"I\" src=\"data:image\/svg+xml;base64,PHN2ZyB3aWR0aD0iMSIgaGVpZ2h0PSIxIiB4bWxucz0iaHR0cDovL3d3dy53My5vcmcvMjAwMC9zdmciPjwvc3ZnPg==\" style=\"--smush-placeholder-width: 2560px; --smush-placeholder-aspect-ratio: 2560\/1920;\" \/><\/li>\n                <li style=\"display: none; width: 100%;\" class=\"slide-4049 ms-image \" aria-roledescription=\"slide\" data-date=\"2024-05-22 20:06:42\" data-filename=\"K-1-scaled-0x0.jpg\" data-slide-type=\"image\"><img data-opt-id=997207913  decoding=\"async\" data-src=\"https:\/\/ml8u9mzc6rsf.i.optimole.com\/cb:Y0oE.2e511\/w:auto\/h:auto\/q:mauto\/f:best\/https:\/\/www.paroisse-saint-melaine53.fr\/wp-content\/uploads\/2024\/05\/K-1-scaled.jpg\" alt=\"\" class=\"slider-3990 slide-4049 msDefaultImage lazyload\" title=\"K\" src=\"data:image\/svg+xml;base64,PHN2ZyB3aWR0aD0iMSIgaGVpZ2h0PSIxIiB4bWxucz0iaHR0cDovL3d3dy53My5vcmcvMjAwMC9zdmciPjwvc3ZnPg==\" style=\"--smush-placeholder-width: 2560px; --smush-placeholder-aspect-ratio: 2560\/1920;\" \/><\/li>\n                <li style=\"display: none; width: 100%;\" class=\"slide-4050 ms-image \" aria-roledescription=\"slide\" data-date=\"2024-05-22 20:06:43\" data-filename=\"J-1-scaled-0x0.jpg\" data-slide-type=\"image\"><img data-opt-id=1905997388  decoding=\"async\" data-src=\"https:\/\/ml8u9mzc6rsf.i.optimole.com\/cb:Y0oE.2e511\/w:auto\/h:auto\/q:mauto\/f:best\/https:\/\/www.paroisse-saint-melaine53.fr\/wp-content\/uploads\/2024\/05\/J-1-scaled.jpg\" alt=\"\" class=\"slider-3990 slide-4050 msDefaultImage lazyload\" title=\"J\" src=\"data:image\/svg+xml;base64,PHN2ZyB3aWR0aD0iMSIgaGVpZ2h0PSIxIiB4bWxucz0iaHR0cDovL3d3dy53My5vcmcvMjAwMC9zdmciPjwvc3ZnPg==\" style=\"--smush-placeholder-width: 2560px; --smush-placeholder-aspect-ratio: 2560\/1920;\" \/><\/li>\n                <li style=\"display: none; width: 100%;\" class=\"slide-4052 ms-image \" aria-roledescription=\"slide\" data-date=\"2024-05-22 20:06:43\" data-filename=\"H-1-scaled-0x0.jpg\" data-slide-type=\"image\"><img data-opt-id=404244810  decoding=\"async\" data-src=\"https:\/\/ml8u9mzc6rsf.i.optimole.com\/cb:Y0oE.2e511\/w:auto\/h:auto\/q:mauto\/f:best\/https:\/\/www.paroisse-saint-melaine53.fr\/wp-content\/uploads\/2024\/05\/H-1-scaled.jpg\" alt=\"\" class=\"slider-3990 slide-4052 msDefaultImage lazyload\" title=\"H\" src=\"data:image\/svg+xml;base64,PHN2ZyB3aWR0aD0iMSIgaGVpZ2h0PSIxIiB4bWxucz0iaHR0cDovL3d3dy53My5vcmcvMjAwMC9zdmciPjwvc3ZnPg==\" style=\"--smush-placeholder-width: 2560px; --smush-placeholder-aspect-ratio: 2560\/1920;\" \/><\/li>\n                <li style=\"display: none; width: 100%;\" class=\"slide-4045 ms-image \" aria-roledescription=\"slide\" data-date=\"2024-05-22 20:06:42\" data-filename=\"O-scaled-0x0.jpg\" data-slide-type=\"image\"><img data-opt-id=1037257850  decoding=\"async\" data-src=\"https:\/\/ml8u9mzc6rsf.i.optimole.com\/cb:Y0oE.2e511\/w:auto\/h:auto\/q:mauto\/f:best\/https:\/\/www.paroisse-saint-melaine53.fr\/wp-content\/uploads\/2024\/05\/O-scaled.jpg\" alt=\"\" class=\"slider-3990 slide-4045 msDefaultImage lazyload\" title=\"O\" src=\"data:image\/svg+xml;base64,PHN2ZyB3aWR0aD0iMSIgaGVpZ2h0PSIxIiB4bWxucz0iaHR0cDovL3d3dy53My5vcmcvMjAwMC9zdmciPjwvc3ZnPg==\" style=\"--smush-placeholder-width: 2560px; --smush-placeholder-aspect-ratio: 2560\/1920;\" \/><\/li>\n                <li style=\"display: none; width: 100%;\" class=\"slide-4046 ms-image \" aria-roledescription=\"slide\" data-date=\"2024-05-22 20:06:42\" data-filename=\"N-scaled-0x0.jpg\" data-slide-type=\"image\"><img data-opt-id=874953065  decoding=\"async\" data-src=\"https:\/\/ml8u9mzc6rsf.i.optimole.com\/cb:Y0oE.2e511\/w:auto\/h:auto\/q:mauto\/f:best\/https:\/\/www.paroisse-saint-melaine53.fr\/wp-content\/uploads\/2024\/05\/N-scaled.jpg\" alt=\"\" class=\"slider-3990 slide-4046 msDefaultImage lazyload\" title=\"N\" src=\"data:image\/svg+xml;base64,PHN2ZyB3aWR0aD0iMSIgaGVpZ2h0PSIxIiB4bWxucz0iaHR0cDovL3d3dy53My5vcmcvMjAwMC9zdmciPjwvc3ZnPg==\" style=\"--smush-placeholder-width: 2560px; --smush-placeholder-aspect-ratio: 2560\/1920;\" \/><\/li>\n                <li style=\"display: none; width: 100%;\" class=\"slide-4047 ms-image \" aria-roledescription=\"slide\" data-date=\"2024-05-22 20:06:42\" data-filename=\"M-scaled-0x0.jpg\" data-slide-type=\"image\"><img data-opt-id=555789042  decoding=\"async\" data-src=\"https:\/\/ml8u9mzc6rsf.i.optimole.com\/cb:Y0oE.2e511\/w:auto\/h:auto\/q:mauto\/f:best\/https:\/\/www.paroisse-saint-melaine53.fr\/wp-content\/uploads\/2024\/05\/M-scaled.jpg\" alt=\"\" class=\"slider-3990 slide-4047 msDefaultImage lazyload\" title=\"M\" src=\"data:image\/svg+xml;base64,PHN2ZyB3aWR0aD0iMSIgaGVpZ2h0PSIxIiB4bWxucz0iaHR0cDovL3d3dy53My5vcmcvMjAwMC9zdmciPjwvc3ZnPg==\" style=\"--smush-placeholder-width: 2560px; --smush-placeholder-aspect-ratio: 2560\/1920;\" \/><\/li>\n                <li style=\"display: none; width: 100%;\" class=\"slide-4048 ms-image \" aria-roledescription=\"slide\" data-date=\"2024-05-22 20:06:42\" data-filename=\"L-scaled-0x0.jpg\" data-slide-type=\"image\"><img data-opt-id=819631063  decoding=\"async\" data-src=\"https:\/\/ml8u9mzc6rsf.i.optimole.com\/cb:Y0oE.2e511\/w:auto\/h:auto\/q:mauto\/f:best\/https:\/\/www.paroisse-saint-melaine53.fr\/wp-content\/uploads\/2024\/05\/L-scaled.jpg\" alt=\"\" class=\"slider-3990 slide-4048 msDefaultImage lazyload\" title=\"L\" src=\"data:image\/svg+xml;base64,PHN2ZyB3aWR0aD0iMSIgaGVpZ2h0PSIxIiB4bWxucz0iaHR0cDovL3d3dy53My5vcmcvMjAwMC9zdmciPjwvc3ZnPg==\" style=\"--smush-placeholder-width: 2560px; --smush-placeholder-aspect-ratio: 2560\/1920;\" \/><\/li>\n            <\/ul>\n        <\/div>\n        \n    <\/div>\n<\/div><\/div>\n\n\n\n<div class=\"wp-block-advgb-button aligncenter is-style-default\"><a class=\"wp-block-advgb-button_link advgbbtn-5e8a6e23-b3c3-4c83-ac99-0a09b4e8666e\" href=\"https:\/\/www.paroisse-saint-melaine53.fr\/?page_id=240\" target=\"_self\" rel=\"noopener noreferrer\"><span>Retour sur QUI SUIS-JE ?<\/span><\/a><\/div>\n\n\n\n<div style=\"height:31px\" aria-hidden=\"true\" class=\"wp-block-spacer\"><\/div>\n<style class=\"advgb-styles-renderer\">.advgbbtn-5e8a6e23-b3c3-4c83-ac99-0a09b4e8666e{font-size:14px;color:#fff !important;background-color:var(--nv-dark-bg) !important;margin:0px 0px 0px 100px !important;padding:3px 19px 1px 30px;border-width:1px !important;border-style:none;border-radius:51px !important;}.advgbbtn-5e8a6e23-b3c3-4c83-ac99-0a09b4e8666e:hover{box-shadow:1px 1px 12px 0px #ccc;opacity:1;transition:all 0.2s ease;}.advgbbtn-5e8a6e23-b3c3-4c83-ac99-0a09b4e8666e > i {display: none !important;}<\/style>","protected":false},"excerpt":{"rendered":"<p>\u00e9glise<\/p>\n","protected":false},"author":1,"featured_media":0,"parent":0,"menu_order":0,"comment_status":"closed","ping_status":"closed","template":"","meta":{"_acf_changed":false,"advgb_blocks_editor_width":"","advgb_blocks_columns_visual_guide":"","_monsterinsights_skip_tracking":false,"_monsterinsights_sitenote_active":false,"_monsterinsights_sitenote_note":"","_monsterinsights_sitenote_category":0,"neve_meta_sidebar":"full-width","neve_meta_container":"contained","neve_meta_enable_content_width":"on","neve_meta_content_width":50,"neve_meta_title_alignment":"center","neve_meta_author_avatar":"","neve_post_elements_order":"","neve_meta_disable_header":"","neve_meta_disable_footer":"","neve_meta_disable_title":"on","footnotes":""},"class_list":["post-4135","page","type-page","status-publish","hentry"],"acf":[],"aioseo_notices":[],"coauthors":[],"author_meta":{"author_link":"https:\/\/www.paroisse-saint-melaine53.fr\/?author=1","display_name":"Jean-Luc"},"relative_dates":{"created":"Publi\u00e9 2 ans il y a","modified":"Mis \u00e0 jour 2 ans il y a"},"absolute_dates":{"created":"Publi\u00e9 le 23 mai 2024","modified":"Mise \u00e0 jour le 25 mai 2024"},"absolute_dates_time":{"created":"Publi\u00e9 le 23 mai 2024 15 h 03 min","modified":"Mise \u00e0 jour le 25 mai 2024 14 h 33 min"},"featured_img_caption":"","featured_img":false,"series_order":"","_links":{"self":[{"href":"https:\/\/www.paroisse-saint-melaine53.fr\/index.php?rest_route=\/wp\/v2\/pages\/4135","targetHints":{"allow":["GET"]}}],"collection":[{"href":"https:\/\/www.paroisse-saint-melaine53.fr\/index.php?rest_route=\/wp\/v2\/pages"}],"about":[{"href":"https:\/\/www.paroisse-saint-melaine53.fr\/index.php?rest_route=\/wp\/v2\/types\/page"}],"author":[{"embeddable":true,"href":"https:\/\/www.paroisse-saint-melaine53.fr\/index.php?rest_route=\/wp\/v2\/users\/1"}],"replies":[{"embeddable":true,"href":"https:\/\/www.paroisse-saint-melaine53.fr\/index.php?rest_route=%2Fwp%2Fv2%2Fcomments&post=4135"}],"version-history":[{"count":9,"href":"https:\/\/www.paroisse-saint-melaine53.fr\/index.php?rest_route=\/wp\/v2\/pages\/4135\/revisions"}],"predecessor-version":[{"id":4652,"href":"https:\/\/www.paroisse-saint-melaine53.fr\/index.php?rest_route=\/wp\/v2\/pages\/4135\/revisions\/4652"}],"wp:attachment":[{"href":"https:\/\/www.paroisse-saint-melaine53.fr\/index.php?rest_route=%2Fwp%2Fv2%2Fmedia&parent=4135"}],"curies":[{"name":"wp","href":"https:\/\/api.w.org\/{rel}","templated":true}]}}