{"id":4150,"date":"2024-05-24T15:13:57","date_gmt":"2024-05-24T14:13:57","guid":{"rendered":"https:\/\/www.paroisse-saint-melaine53.fr\/?page_id=4150"},"modified":"2024-05-25T14:38:58","modified_gmt":"2024-05-25T13:38:58","slug":"la-chapelle-anthenaise","status":"publish","type":"page","link":"https:\/\/www.paroisse-saint-melaine53.fr\/?page_id=4150","title":{"rendered":"La Chapelle Anthenaise"},"content":{"rendered":"\n<h2 class=\"wp-block-heading has-text-align-center has-neve-link-color-color has-text-color has-link-color wp-elements-a3d9cf32c79b114d1537c46abc31df7a\">\u00e9glise<\/h2>\n\n\n\n<div class=\"alignnormal\"><div id=\"metaslider-id-4054\" style=\"width: 100%; margin: 0 auto;\" class=\"ml-slider-3-108-0 metaslider metaslider-flex metaslider-4054 ml-slider has-carousel-mode ms-theme-default nav-hidden\" role=\"region\" aria-label=\"La Chapelle Anthenaise\">\n    <div id=\"metaslider_container_4054\">\n        <div id=\"metaslider_4054\">\n            <ul aria-live='off' class='slides'>\n                <li style=\"display: none; width: 100%;\" class=\"slide-4055 ms-image \" aria-roledescription=\"slide\" data-date=\"2024-05-22 20:58:18\" data-filename=\"A-10-scaled-0x0.jpg\" data-slide-type=\"image\"><img data-opt-id=120070770  fetchpriority=\"high\" decoding=\"async\" data-src=\"https:\/\/ml8u9mzc6rsf.i.optimole.com\/cb:Y0oE.2e511\/w:auto\/h:auto\/q:mauto\/f:best\/https:\/\/www.paroisse-saint-melaine53.fr\/wp-content\/uploads\/2024\/05\/A-10-scaled.jpg\" alt=\"\" class=\"slider-4054 slide-4055 msDefaultImage lazyload\" title=\"A\" src=\"data:image\/svg+xml;base64,PHN2ZyB3aWR0aD0iMSIgaGVpZ2h0PSIxIiB4bWxucz0iaHR0cDovL3d3dy53My5vcmcvMjAwMC9zdmciPjwvc3ZnPg==\" style=\"--smush-placeholder-width: 2560px; --smush-placeholder-aspect-ratio: 2560\/2336;\" \/><div class=\"caption-wrap\"><div class=\"caption\"><div style=\"text-align:center;\"><strong><span style=\"color:#272626;font-family:Montserrat;\"><span style=\"font-size:21.3333px;background-color:rgb(255,255,255);\">NOTRE DAME DU MONT CARMEL<\/span><\/span><\/strong><\/div>\n<div style=\"text-align:center;\"><strong><span style=\"font-size:18pt;line-height:115%;font-family:Montserrat;color:#272626;background:#FFFFFF;\">La Chapelle Anthenaise<\/span><\/strong><span style=\"font-size:11pt;line-height:115%;font-family:Montserrat;color:#272626;background:#FFFFFF;\">\u00a0<\/span><\/div><\/div><\/div><\/li>\n                <li style=\"display: none; width: 100%;\" class=\"slide-4058 ms-image \" aria-roledescription=\"slide\" data-date=\"2024-05-22 20:58:18\" data-filename=\"D-2-scaled-0x0.jpg\" data-slide-type=\"image\"><img data-opt-id=1166469560  fetchpriority=\"high\" decoding=\"async\" data-src=\"https:\/\/ml8u9mzc6rsf.i.optimole.com\/cb:Y0oE.2e511\/w:auto\/h:auto\/q:mauto\/f:best\/https:\/\/www.paroisse-saint-melaine53.fr\/wp-content\/uploads\/2024\/05\/D-2-scaled.jpg\" alt=\"\" class=\"slider-4054 slide-4058 msDefaultImage lazyload\" title=\"D\" src=\"data:image\/svg+xml;base64,PHN2ZyB3aWR0aD0iMSIgaGVpZ2h0PSIxIiB4bWxucz0iaHR0cDovL3d3dy53My5vcmcvMjAwMC9zdmciPjwvc3ZnPg==\" style=\"--smush-placeholder-width: 2560px; --smush-placeholder-aspect-ratio: 2560\/1920;\" \/><\/li>\n                <li style=\"display: none; width: 100%;\" class=\"slide-4059 ms-image \" aria-roledescription=\"slide\" data-date=\"2024-05-22 20:58:18\" data-filename=\"E-2-scaled-0x0.jpg\" data-slide-type=\"image\"><img data-opt-id=1788079475  fetchpriority=\"high\" decoding=\"async\" data-src=\"https:\/\/ml8u9mzc6rsf.i.optimole.com\/cb:Y0oE.2e511\/w:auto\/h:auto\/q:mauto\/f:best\/https:\/\/www.paroisse-saint-melaine53.fr\/wp-content\/uploads\/2024\/05\/E-2-scaled.jpg\" alt=\"\" class=\"slider-4054 slide-4059 msDefaultImage lazyload\" title=\"E\" src=\"data:image\/svg+xml;base64,PHN2ZyB3aWR0aD0iMSIgaGVpZ2h0PSIxIiB4bWxucz0iaHR0cDovL3d3dy53My5vcmcvMjAwMC9zdmciPjwvc3ZnPg==\" style=\"--smush-placeholder-width: 2560px; --smush-placeholder-aspect-ratio: 2560\/1920;\" \/><div class=\"caption-wrap\"><div class=\"caption\"><div style=\"text-align:center;\"><strong>Nombre de place: 220\u00a0<\/strong><\/div><\/div><\/div><\/li>\n                <li style=\"display: none; width: 100%;\" class=\"slide-4060 ms-image \" aria-roledescription=\"slide\" data-date=\"2024-05-22 20:58:18\" data-filename=\"F-2-scaled-0x0.jpg\" data-slide-type=\"image\"><img data-opt-id=1282727221  decoding=\"async\" data-src=\"https:\/\/ml8u9mzc6rsf.i.optimole.com\/cb:Y0oE.2e511\/w:auto\/h:auto\/q:mauto\/f:best\/https:\/\/www.paroisse-saint-melaine53.fr\/wp-content\/uploads\/2024\/05\/F-2-scaled.jpg\" alt=\"\" class=\"slider-4054 slide-4060 msDefaultImage lazyload\" title=\"F\" src=\"data:image\/svg+xml;base64,PHN2ZyB3aWR0aD0iMSIgaGVpZ2h0PSIxIiB4bWxucz0iaHR0cDovL3d3dy53My5vcmcvMjAwMC9zdmciPjwvc3ZnPg==\" style=\"--smush-placeholder-width: 2560px; --smush-placeholder-aspect-ratio: 2560\/1920;\" \/><\/li>\n                <li style=\"display: none; width: 100%;\" class=\"slide-4061 ms-image \" aria-roledescription=\"slide\" data-date=\"2024-05-22 20:58:18\" data-filename=\"G-2-scaled-0x0.jpg\" data-slide-type=\"image\"><img data-opt-id=873789379  decoding=\"async\" data-src=\"https:\/\/ml8u9mzc6rsf.i.optimole.com\/cb:Y0oE.2e511\/w:auto\/h:auto\/q:mauto\/f:best\/https:\/\/www.paroisse-saint-melaine53.fr\/wp-content\/uploads\/2024\/05\/G-2-scaled.jpg\" alt=\"\" class=\"slider-4054 slide-4061 msDefaultImage lazyload\" title=\"G\" src=\"data:image\/svg+xml;base64,PHN2ZyB3aWR0aD0iMSIgaGVpZ2h0PSIxIiB4bWxucz0iaHR0cDovL3d3dy53My5vcmcvMjAwMC9zdmciPjwvc3ZnPg==\" style=\"--smush-placeholder-width: 2560px; --smush-placeholder-aspect-ratio: 2560\/1920;\" \/><\/li>\n                <li style=\"display: none; width: 100%;\" class=\"slide-4062 ms-image \" aria-roledescription=\"slide\" data-date=\"2024-05-22 20:58:18\" data-filename=\"H-2-scaled-0x0.jpg\" data-slide-type=\"image\"><img data-opt-id=90891048  decoding=\"async\" data-src=\"https:\/\/ml8u9mzc6rsf.i.optimole.com\/cb:Y0oE.2e511\/w:auto\/h:auto\/q:mauto\/f:best\/https:\/\/www.paroisse-saint-melaine53.fr\/wp-content\/uploads\/2024\/05\/H-2-scaled.jpg\" alt=\"\" class=\"slider-4054 slide-4062 msDefaultImage lazyload\" title=\"H\" src=\"data:image\/svg+xml;base64,PHN2ZyB3aWR0aD0iMSIgaGVpZ2h0PSIxIiB4bWxucz0iaHR0cDovL3d3dy53My5vcmcvMjAwMC9zdmciPjwvc3ZnPg==\" style=\"--smush-placeholder-width: 2560px; --smush-placeholder-aspect-ratio: 2560\/1920;\" \/><\/li>\n                <li style=\"display: none; width: 100%;\" class=\"slide-4063 ms-image \" aria-roledescription=\"slide\" data-date=\"2024-05-22 20:58:18\" data-filename=\"I-2-scaled-0x0.jpg\" data-slide-type=\"image\"><img data-opt-id=491019916  decoding=\"async\" data-src=\"https:\/\/ml8u9mzc6rsf.i.optimole.com\/cb:Y0oE.2e511\/w:auto\/h:auto\/q:mauto\/f:best\/https:\/\/www.paroisse-saint-melaine53.fr\/wp-content\/uploads\/2024\/05\/I-2-scaled.jpg\" alt=\"\" class=\"slider-4054 slide-4063 msDefaultImage lazyload\" title=\"I\" src=\"data:image\/svg+xml;base64,PHN2ZyB3aWR0aD0iMSIgaGVpZ2h0PSIxIiB4bWxucz0iaHR0cDovL3d3dy53My5vcmcvMjAwMC9zdmciPjwvc3ZnPg==\" style=\"--smush-placeholder-width: 2560px; --smush-placeholder-aspect-ratio: 2560\/1920;\" \/><div class=\"caption-wrap\"><div class=\"caption\"><div style=\"text-align:center;\"><strong>Reconstruite de 1876 \u00e0 1881, l<\/strong><strong>'\u00e9ditfice d'origine, roman, poss\u00e9dait une chapelle seigneuriale.\u00a0La nouvelle \u00e9glise de style roman est \u00e9difi\u00e9e transversalement \u00e0 la premi\u00e8re.<\/strong><\/div><\/div><\/div><\/li>\n                <li style=\"display: none; width: 100%;\" class=\"slide-4064 ms-image \" aria-roledescription=\"slide\" data-date=\"2024-05-22 20:58:18\" data-filename=\"J-2-scaled-0x0.jpg\" data-slide-type=\"image\"><img data-opt-id=254299049  decoding=\"async\" data-src=\"https:\/\/ml8u9mzc6rsf.i.optimole.com\/cb:Y0oE.2e511\/w:auto\/h:auto\/q:mauto\/f:best\/https:\/\/www.paroisse-saint-melaine53.fr\/wp-content\/uploads\/2024\/05\/J-2-scaled.jpg\" alt=\"\" class=\"slider-4054 slide-4064 msDefaultImage lazyload\" title=\"J\" src=\"data:image\/svg+xml;base64,PHN2ZyB3aWR0aD0iMSIgaGVpZ2h0PSIxIiB4bWxucz0iaHR0cDovL3d3dy53My5vcmcvMjAwMC9zdmciPjwvc3ZnPg==\" style=\"--smush-placeholder-width: 2560px; --smush-placeholder-aspect-ratio: 2560\/1920;\" \/><\/li>\n                <li style=\"display: none; width: 100%;\" class=\"slide-4065 ms-image \" aria-roledescription=\"slide\" data-date=\"2024-05-22 20:58:18\" data-filename=\"K-2-scaled-0x0.jpg\" data-slide-type=\"image\"><img data-opt-id=1278993895  decoding=\"async\" data-src=\"https:\/\/ml8u9mzc6rsf.i.optimole.com\/cb:Y0oE.2e511\/w:auto\/h:auto\/q:mauto\/f:best\/https:\/\/www.paroisse-saint-melaine53.fr\/wp-content\/uploads\/2024\/05\/K-2-scaled.jpg\" alt=\"\" class=\"slider-4054 slide-4065 msDefaultImage lazyload\" title=\"K\" src=\"data:image\/svg+xml;base64,PHN2ZyB3aWR0aD0iMSIgaGVpZ2h0PSIxIiB4bWxucz0iaHR0cDovL3d3dy53My5vcmcvMjAwMC9zdmciPjwvc3ZnPg==\" style=\"--smush-placeholder-width: 2560px; --smush-placeholder-aspect-ratio: 2560\/1920;\" \/><\/li>\n                <li style=\"display: none; width: 100%;\" class=\"slide-4078 ms-image \" aria-roledescription=\"slide\" data-date=\"2024-05-22 21:07:38\" data-filename=\"Z-1-scaled-0x0.jpg\" data-slide-type=\"image\"><img data-opt-id=1462440687  decoding=\"async\" data-src=\"https:\/\/ml8u9mzc6rsf.i.optimole.com\/cb:Y0oE.2e511\/w:auto\/h:auto\/q:mauto\/f:best\/https:\/\/www.paroisse-saint-melaine53.fr\/wp-content\/uploads\/2024\/05\/Z-1-scaled.jpg\" alt=\"\" class=\"slider-4054 slide-4078 msDefaultImage lazyload\" title=\"Z-1\" src=\"data:image\/svg+xml;base64,PHN2ZyB3aWR0aD0iMSIgaGVpZ2h0PSIxIiB4bWxucz0iaHR0cDovL3d3dy53My5vcmcvMjAwMC9zdmciPjwvc3ZnPg==\" style=\"--smush-placeholder-width: 2560px; --smush-placeholder-aspect-ratio: 2560\/1920;\" \/><\/li>\n                <li style=\"display: none; width: 100%;\" class=\"slide-4066 ms-image \" aria-roledescription=\"slide\" data-date=\"2024-05-22 20:58:18\" data-filename=\"L-1-scaled-0x0.jpg\" data-slide-type=\"image\"><img data-opt-id=1871686641  decoding=\"async\" data-src=\"https:\/\/ml8u9mzc6rsf.i.optimole.com\/cb:Y0oE.2e511\/w:auto\/h:auto\/q:mauto\/f:best\/https:\/\/www.paroisse-saint-melaine53.fr\/wp-content\/uploads\/2024\/05\/L-1-scaled.jpg\" alt=\"\" class=\"slider-4054 slide-4066 msDefaultImage lazyload\" title=\"L\" src=\"data:image\/svg+xml;base64,PHN2ZyB3aWR0aD0iMSIgaGVpZ2h0PSIxIiB4bWxucz0iaHR0cDovL3d3dy53My5vcmcvMjAwMC9zdmciPjwvc3ZnPg==\" style=\"--smush-placeholder-width: 2560px; --smush-placeholder-aspect-ratio: 2560\/1920;\" \/><\/li>\n                <li style=\"display: none; width: 100%;\" class=\"slide-4067 ms-image \" aria-roledescription=\"slide\" data-date=\"2024-05-22 20:58:18\" data-filename=\"M-1-scaled-0x0.jpg\" data-slide-type=\"image\"><img data-opt-id=1988250329  decoding=\"async\" data-src=\"https:\/\/ml8u9mzc6rsf.i.optimole.com\/cb:Y0oE.2e511\/w:auto\/h:auto\/q:mauto\/f:best\/https:\/\/www.paroisse-saint-melaine53.fr\/wp-content\/uploads\/2024\/05\/M-1-scaled.jpg\" alt=\"\" class=\"slider-4054 slide-4067 msDefaultImage lazyload\" title=\"M\" src=\"data:image\/svg+xml;base64,PHN2ZyB3aWR0aD0iMSIgaGVpZ2h0PSIxIiB4bWxucz0iaHR0cDovL3d3dy53My5vcmcvMjAwMC9zdmciPjwvc3ZnPg==\" style=\"--smush-placeholder-width: 2560px; --smush-placeholder-aspect-ratio: 2560\/1920;\" \/><\/li>\n                <li style=\"display: none; width: 100%;\" class=\"slide-4068 ms-image \" aria-roledescription=\"slide\" data-date=\"2024-05-22 20:58:19\" data-filename=\"N-1-scaled-0x0.jpg\" data-slide-type=\"image\"><img data-opt-id=1077218434  decoding=\"async\" data-src=\"https:\/\/ml8u9mzc6rsf.i.optimole.com\/cb:Y0oE.2e511\/w:auto\/h:auto\/q:mauto\/f:best\/https:\/\/www.paroisse-saint-melaine53.fr\/wp-content\/uploads\/2024\/05\/N-1-scaled.jpg\" alt=\"\" class=\"slider-4054 slide-4068 msDefaultImage lazyload\" title=\"N\" src=\"data:image\/svg+xml;base64,PHN2ZyB3aWR0aD0iMSIgaGVpZ2h0PSIxIiB4bWxucz0iaHR0cDovL3d3dy53My5vcmcvMjAwMC9zdmciPjwvc3ZnPg==\" style=\"--smush-placeholder-width: 2560px; --smush-placeholder-aspect-ratio: 2560\/1920;\" \/><\/li>\n                <li style=\"display: none; width: 100%;\" class=\"slide-4070 ms-image \" aria-roledescription=\"slide\" data-date=\"2024-05-22 20:58:19\" data-filename=\"Q-scaled-0x0.jpg\" data-slide-type=\"image\"><img data-opt-id=673718829  decoding=\"async\" data-src=\"https:\/\/ml8u9mzc6rsf.i.optimole.com\/cb:Y0oE.2e511\/w:auto\/h:auto\/q:mauto\/f:best\/https:\/\/www.paroisse-saint-melaine53.fr\/wp-content\/uploads\/2024\/05\/Q-scaled.jpg\" alt=\"\" class=\"slider-4054 slide-4070 msDefaultImage lazyload\" title=\"Q\" src=\"data:image\/svg+xml;base64,PHN2ZyB3aWR0aD0iMSIgaGVpZ2h0PSIxIiB4bWxucz0iaHR0cDovL3d3dy53My5vcmcvMjAwMC9zdmciPjwvc3ZnPg==\" style=\"--smush-placeholder-width: 2560px; --smush-placeholder-aspect-ratio: 2560\/1920;\" \/><\/li>\n                <li style=\"display: none; width: 100%;\" class=\"slide-4071 ms-image \" aria-roledescription=\"slide\" data-date=\"2024-05-22 21:05:36\" data-filename=\"R-scaled-0x0.jpg\" data-slide-type=\"image\"><img data-opt-id=584334391  decoding=\"async\" data-src=\"https:\/\/ml8u9mzc6rsf.i.optimole.com\/cb:Y0oE.2e511\/w:auto\/h:auto\/q:mauto\/f:best\/https:\/\/www.paroisse-saint-melaine53.fr\/wp-content\/uploads\/2024\/05\/R-scaled.jpg\" alt=\"\" class=\"slider-4054 slide-4071 msDefaultImage lazyload\" title=\"R\" src=\"data:image\/svg+xml;base64,PHN2ZyB3aWR0aD0iMSIgaGVpZ2h0PSIxIiB4bWxucz0iaHR0cDovL3d3dy53My5vcmcvMjAwMC9zdmciPjwvc3ZnPg==\" style=\"--smush-placeholder-width: 2560px; --smush-placeholder-aspect-ratio: 2560\/1920;\" \/><\/li>\n                <li style=\"display: none; width: 100%;\" class=\"slide-4072 ms-image \" aria-roledescription=\"slide\" data-date=\"2024-05-22 21:05:57\" data-filename=\"S-scaled-0x0.jpg\" data-slide-type=\"image\"><img data-opt-id=1486572375  decoding=\"async\" data-src=\"https:\/\/ml8u9mzc6rsf.i.optimole.com\/cb:Y0oE.2e511\/w:auto\/h:auto\/q:mauto\/f:best\/https:\/\/www.paroisse-saint-melaine53.fr\/wp-content\/uploads\/2024\/05\/S-scaled.jpg\" alt=\"\" class=\"slider-4054 slide-4072 msDefaultImage lazyload\" title=\"S\" src=\"data:image\/svg+xml;base64,PHN2ZyB3aWR0aD0iMSIgaGVpZ2h0PSIxIiB4bWxucz0iaHR0cDovL3d3dy53My5vcmcvMjAwMC9zdmciPjwvc3ZnPg==\" style=\"--smush-placeholder-width: 2560px; --smush-placeholder-aspect-ratio: 2560\/1920;\" \/><\/li>\n                <li style=\"display: none; width: 100%;\" class=\"slide-4075 ms-image \" aria-roledescription=\"slide\" data-date=\"2024-05-22 21:06:40\" data-filename=\"V-scaled-0x0.jpg\" data-slide-type=\"image\"><img data-opt-id=295780791  decoding=\"async\" data-src=\"https:\/\/ml8u9mzc6rsf.i.optimole.com\/cb:Y0oE.2e511\/w:auto\/h:auto\/q:mauto\/f:best\/https:\/\/www.paroisse-saint-melaine53.fr\/wp-content\/uploads\/2024\/05\/V-scaled.jpg\" alt=\"\" class=\"slider-4054 slide-4075 msDefaultImage lazyload\" title=\"V\" src=\"data:image\/svg+xml;base64,PHN2ZyB3aWR0aD0iMSIgaGVpZ2h0PSIxIiB4bWxucz0iaHR0cDovL3d3dy53My5vcmcvMjAwMC9zdmciPjwvc3ZnPg==\" style=\"--smush-placeholder-width: 2560px; --smush-placeholder-aspect-ratio: 2560\/1920;\" \/><\/li>\n                <li style=\"display: none; width: 100%;\" class=\"slide-4076 ms-image \" aria-roledescription=\"slide\" data-date=\"2024-05-22 21:06:54\" data-filename=\"W-scaled-0x0.jpg\" data-slide-type=\"image\"><img data-opt-id=899701224  decoding=\"async\" data-src=\"https:\/\/ml8u9mzc6rsf.i.optimole.com\/cb:Y0oE.2e511\/w:auto\/h:auto\/q:mauto\/f:best\/https:\/\/www.paroisse-saint-melaine53.fr\/wp-content\/uploads\/2024\/05\/W-scaled.jpg\" alt=\"\" class=\"slider-4054 slide-4076 msDefaultImage lazyload\" title=\"W\" src=\"data:image\/svg+xml;base64,PHN2ZyB3aWR0aD0iMSIgaGVpZ2h0PSIxIiB4bWxucz0iaHR0cDovL3d3dy53My5vcmcvMjAwMC9zdmciPjwvc3ZnPg==\" style=\"--smush-placeholder-width: 2560px; --smush-placeholder-aspect-ratio: 2560\/1920;\" \/><\/li>\n                <li style=\"display: none; width: 100%;\" class=\"slide-4077 ms-image \" aria-roledescription=\"slide\" data-date=\"2024-05-22 21:07:09\" data-filename=\"Z-scaled-0x0.jpg\" data-slide-type=\"image\"><img data-opt-id=1742383322  decoding=\"async\" data-src=\"https:\/\/ml8u9mzc6rsf.i.optimole.com\/cb:Y0oE.2e511\/w:auto\/h:auto\/q:mauto\/f:best\/https:\/\/www.paroisse-saint-melaine53.fr\/wp-content\/uploads\/2024\/05\/Z-scaled.jpg\" alt=\"\" class=\"slider-4054 slide-4077 msDefaultImage lazyload\" title=\"Z\" src=\"data:image\/svg+xml;base64,PHN2ZyB3aWR0aD0iMSIgaGVpZ2h0PSIxIiB4bWxucz0iaHR0cDovL3d3dy53My5vcmcvMjAwMC9zdmciPjwvc3ZnPg==\" style=\"--smush-placeholder-width: 2560px; --smush-placeholder-aspect-ratio: 2560\/1920;\" \/><\/li>\n                <li style=\"display: none; width: 100%;\" class=\"slide-4073 ms-image \" aria-roledescription=\"slide\" data-date=\"2024-05-22 21:06:10\" data-filename=\"T-scaled-0x0.jpg\" data-slide-type=\"image\"><img data-opt-id=429076579  decoding=\"async\" data-src=\"https:\/\/ml8u9mzc6rsf.i.optimole.com\/cb:Y0oE.2e511\/w:auto\/h:auto\/q:mauto\/f:best\/https:\/\/www.paroisse-saint-melaine53.fr\/wp-content\/uploads\/2024\/05\/T-scaled.jpg\" alt=\"\" class=\"slider-4054 slide-4073 msDefaultImage lazyload\" title=\"T\" src=\"data:image\/svg+xml;base64,PHN2ZyB3aWR0aD0iMSIgaGVpZ2h0PSIxIiB4bWxucz0iaHR0cDovL3d3dy53My5vcmcvMjAwMC9zdmciPjwvc3ZnPg==\" style=\"--smush-placeholder-width: 2560px; --smush-placeholder-aspect-ratio: 2560\/1920;\" \/><\/li>\n                <li style=\"display: none; width: 100%;\" class=\"slide-4069 ms-image \" aria-roledescription=\"slide\" data-date=\"2024-05-22 20:58:19\" data-filename=\"O-1-scaled-0x0.jpg\" data-slide-type=\"image\"><img data-opt-id=1118186194  decoding=\"async\" data-src=\"https:\/\/ml8u9mzc6rsf.i.optimole.com\/cb:Y0oE.2e511\/w:auto\/h:auto\/q:mauto\/f:best\/https:\/\/www.paroisse-saint-melaine53.fr\/wp-content\/uploads\/2024\/05\/O-1-scaled.jpg\" alt=\"\" class=\"slider-4054 slide-4069 msDefaultImage lazyload\" title=\"O\" src=\"data:image\/svg+xml;base64,PHN2ZyB3aWR0aD0iMSIgaGVpZ2h0PSIxIiB4bWxucz0iaHR0cDovL3d3dy53My5vcmcvMjAwMC9zdmciPjwvc3ZnPg==\" style=\"--smush-placeholder-width: 2560px; --smush-placeholder-aspect-ratio: 2560\/1920;\" \/><\/li>\n                <li style=\"display: none; width: 100%;\" class=\"slide-4074 ms-image \" aria-roledescription=\"slide\" data-date=\"2024-05-22 21:06:27\" data-filename=\"U-scaled-0x0.jpg\" data-slide-type=\"image\"><img data-opt-id=668576430  decoding=\"async\" data-src=\"https:\/\/ml8u9mzc6rsf.i.optimole.com\/cb:Y0oE.2e511\/w:auto\/h:auto\/q:mauto\/f:best\/https:\/\/www.paroisse-saint-melaine53.fr\/wp-content\/uploads\/2024\/05\/U-scaled.jpg\" alt=\"\" class=\"slider-4054 slide-4074 msDefaultImage lazyload\" title=\"U\" src=\"data:image\/svg+xml;base64,PHN2ZyB3aWR0aD0iMSIgaGVpZ2h0PSIxIiB4bWxucz0iaHR0cDovL3d3dy53My5vcmcvMjAwMC9zdmciPjwvc3ZnPg==\" style=\"--smush-placeholder-width: 2560px; --smush-placeholder-aspect-ratio: 2560\/1920;\" \/><\/li>\n            <\/ul>\n        <\/div>\n        \n    <\/div>\n<\/div><\/div>\n\n\n\n<div class=\"wp-block-advgb-button aligncenter is-style-default\"><a class=\"wp-block-advgb-button_link advgbbtn-f8da2e7b-0931-45d6-a545-a3032319c923\" href=\"https:\/\/www.paroisse-saint-melaine53.fr\/?page_id=240\" target=\"_self\" rel=\"noopener noreferrer\"><span>Retour sur QUI SUIS-JE ?<\/span><\/a><\/div>\n<style class=\"advgb-styles-renderer\">.advgbbtn-f8da2e7b-0931-45d6-a545-a3032319c923{font-size:14px;color:var(--nv-site-bg) !important;background-color:var(--nv-dark-bg) !important;margin:0px 0px 0px 100px !important;padding:3px 19px 1px 30px;border-width:1px !important;border-style:none;border-radius:51px !important;}.advgbbtn-f8da2e7b-0931-45d6-a545-a3032319c923:hover{box-shadow:1px 1px 12px 0px #ccc;opacity:1;transition:all 0.2s ease;}.advgbbtn-f8da2e7b-0931-45d6-a545-a3032319c923 > i {display: none !important;}<\/style>","protected":false},"excerpt":{"rendered":"<p>\u00e9glise<\/p>\n","protected":false},"author":1,"featured_media":0,"parent":0,"menu_order":0,"comment_status":"closed","ping_status":"closed","template":"","meta":{"_acf_changed":false,"advgb_blocks_editor_width":"","advgb_blocks_columns_visual_guide":"","_monsterinsights_skip_tracking":false,"_monsterinsights_sitenote_active":false,"_monsterinsights_sitenote_note":"","_monsterinsights_sitenote_category":0,"neve_meta_sidebar":"full-width","neve_meta_container":"contained","neve_meta_enable_content_width":"on","neve_meta_content_width":50,"neve_meta_title_alignment":"center","neve_meta_author_avatar":"","neve_post_elements_order":"","neve_meta_disable_header":"","neve_meta_disable_footer":"","neve_meta_disable_title":"on","footnotes":""},"class_list":["post-4150","page","type-page","status-publish","hentry"],"acf":[],"aioseo_notices":[],"coauthors":[],"author_meta":{"author_link":"https:\/\/www.paroisse-saint-melaine53.fr\/?author=1","display_name":"Jean-Luc"},"relative_dates":{"created":"Publi\u00e9 2 ans il y a","modified":"Mis \u00e0 jour 2 ans il y a"},"absolute_dates":{"created":"Publi\u00e9 le 24 mai 2024","modified":"Mise \u00e0 jour le 25 mai 2024"},"absolute_dates_time":{"created":"Publi\u00e9 le 24 mai 2024 15 h 13 min","modified":"Mise \u00e0 jour le 25 mai 2024 14 h 38 min"},"featured_img_caption":"","featured_img":false,"series_order":"","_links":{"self":[{"href":"https:\/\/www.paroisse-saint-melaine53.fr\/index.php?rest_route=\/wp\/v2\/pages\/4150","targetHints":{"allow":["GET"]}}],"collection":[{"href":"https:\/\/www.paroisse-saint-melaine53.fr\/index.php?rest_route=\/wp\/v2\/pages"}],"about":[{"href":"https:\/\/www.paroisse-saint-melaine53.fr\/index.php?rest_route=\/wp\/v2\/types\/page"}],"author":[{"embeddable":true,"href":"https:\/\/www.paroisse-saint-melaine53.fr\/index.php?rest_route=\/wp\/v2\/users\/1"}],"replies":[{"embeddable":true,"href":"https:\/\/www.paroisse-saint-melaine53.fr\/index.php?rest_route=%2Fwp%2Fv2%2Fcomments&post=4150"}],"version-history":[{"count":8,"href":"https:\/\/www.paroisse-saint-melaine53.fr\/index.php?rest_route=\/wp\/v2\/pages\/4150\/revisions"}],"predecessor-version":[{"id":4374,"href":"https:\/\/www.paroisse-saint-melaine53.fr\/index.php?rest_route=\/wp\/v2\/pages\/4150\/revisions\/4374"}],"wp:attachment":[{"href":"https:\/\/www.paroisse-saint-melaine53.fr\/index.php?rest_route=%2Fwp%2Fv2%2Fmedia&parent=4150"}],"curies":[{"name":"wp","href":"https:\/\/api.w.org\/{rel}","templated":true}]}}