{"id":4350,"date":"2024-05-25T10:25:29","date_gmt":"2024-05-25T09:25:29","guid":{"rendered":"https:\/\/www.paroisse-saint-melaine53.fr\/?page_id=4350"},"modified":"2024-05-25T14:42:03","modified_gmt":"2024-05-25T13:42:03","slug":"louvigne","status":"publish","type":"page","link":"https:\/\/www.paroisse-saint-melaine53.fr\/?page_id=4350","title":{"rendered":"Louvign\u00e9"},"content":{"rendered":"\n<h2 class=\"wp-block-heading has-text-align-center has-neve-link-color-color has-text-color has-link-color wp-elements-a3d9cf32c79b114d1537c46abc31df7a\">\u00e9glise<\/h2>\n\n\n\n<div class=\"alignnormal\"><div id=\"metaslider-id-4274\" style=\"width: 100%; margin: 0 auto;\" class=\"ml-slider-3-108-0 metaslider metaslider-flex metaslider-4274 ml-slider hide-arrows-smartphone hide-arrows-desktop has-carousel-mode ms-theme-default nav-hidden\" role=\"region\" aria-label=\"Louvign\u00e9\">\n    <div id=\"metaslider_container_4274\">\n        <div id=\"metaslider_4274\">\n            <ul aria-live='off' class='slides'>\n                <li style=\"display: none; width: 100%;\" class=\"slide-4275 ms-image \" aria-roledescription=\"slide\" data-date=\"2024-05-24 20:54:47\" data-filename=\"B-6-scaled-0x0.jpg\" data-slide-type=\"image\"><img data-opt-id=1989269082  fetchpriority=\"high\" decoding=\"async\" data-src=\"https:\/\/ml8u9mzc6rsf.i.optimole.com\/cb:Y0oE.2e511\/w:auto\/h:auto\/q:mauto\/f:best\/https:\/\/www.paroisse-saint-melaine53.fr\/wp-content\/uploads\/2024\/05\/B-6-scaled.jpg\" alt=\"\" class=\"slider-4274 slide-4275 msDefaultImage lazyload\" title=\"B\" src=\"data:image\/svg+xml;base64,PHN2ZyB3aWR0aD0iMSIgaGVpZ2h0PSIxIiB4bWxucz0iaHR0cDovL3d3dy53My5vcmcvMjAwMC9zdmciPjwvc3ZnPg==\" style=\"--smush-placeholder-width: 2560px; --smush-placeholder-aspect-ratio: 2560\/1920;\" \/><div class=\"caption-wrap\"><div class=\"caption\"><div style=\"text-align:center;\"><strong><span style=\"color:#272626;font-family:Montserrat;\"><span style=\"font-size:21.3333px;background-color:rgb(255,255,255);\">SAINT MARTIN<\/span><\/span><\/strong><\/div>\n<div style=\"text-align:center;\"><span style=\"color:#272626;font-family:Montserrat;\"><span style=\"font-size:24px;background-color:rgb(255,255,255);\"><strong>Louvign\u00e9\u00a0<\/strong><\/span><\/span><\/div><\/div><\/div><\/li>\n                <li style=\"display: none; width: 100%;\" class=\"slide-4276 ms-image \" aria-roledescription=\"slide\" data-date=\"2024-05-24 20:54:47\" data-filename=\"C-4-scaled-0x0.jpg\" data-slide-type=\"image\"><img data-opt-id=1411978074  fetchpriority=\"high\" decoding=\"async\" data-src=\"https:\/\/ml8u9mzc6rsf.i.optimole.com\/cb:Y0oE.2e511\/w:auto\/h:auto\/q:mauto\/f:best\/https:\/\/www.paroisse-saint-melaine53.fr\/wp-content\/uploads\/2024\/05\/C-4-scaled.jpg\" alt=\"\" class=\"slider-4274 slide-4276 msDefaultImage lazyload\" title=\"C\" src=\"data:image\/svg+xml;base64,PHN2ZyB3aWR0aD0iMSIgaGVpZ2h0PSIxIiB4bWxucz0iaHR0cDovL3d3dy53My5vcmcvMjAwMC9zdmciPjwvc3ZnPg==\" style=\"--smush-placeholder-width: 2560px; --smush-placeholder-aspect-ratio: 2560\/1920;\" \/><\/li>\n                <li style=\"display: none; width: 100%;\" class=\"slide-4277 ms-image \" aria-roledescription=\"slide\" data-date=\"2024-05-24 20:54:47\" data-filename=\"D-4-scaled-0x0.jpg\" data-slide-type=\"image\"><img data-opt-id=299521664  fetchpriority=\"high\" decoding=\"async\" data-src=\"https:\/\/ml8u9mzc6rsf.i.optimole.com\/cb:Y0oE.2e511\/w:auto\/h:auto\/q:mauto\/f:best\/https:\/\/www.paroisse-saint-melaine53.fr\/wp-content\/uploads\/2024\/05\/D-4-scaled.jpg\" alt=\"\" class=\"slider-4274 slide-4277 msDefaultImage lazyload\" title=\"D\" src=\"data:image\/svg+xml;base64,PHN2ZyB3aWR0aD0iMSIgaGVpZ2h0PSIxIiB4bWxucz0iaHR0cDovL3d3dy53My5vcmcvMjAwMC9zdmciPjwvc3ZnPg==\" style=\"--smush-placeholder-width: 2560px; --smush-placeholder-aspect-ratio: 2560\/1920;\" \/><div class=\"caption-wrap\"><div class=\"caption\"><div>\n<h3 style=\"text-align:center;\"><strong>Nombre de place: 215<\/strong><\/h3>\n<\/div><\/div><\/div><\/li>\n                <li style=\"display: none; width: 100%;\" class=\"slide-4278 ms-image \" aria-roledescription=\"slide\" data-date=\"2024-05-24 20:54:47\" data-filename=\"E-4-scaled-0x0.jpg\" data-slide-type=\"image\"><img data-opt-id=2111301431  decoding=\"async\" data-src=\"https:\/\/ml8u9mzc6rsf.i.optimole.com\/cb:Y0oE.2e511\/w:auto\/h:auto\/q:mauto\/f:best\/https:\/\/www.paroisse-saint-melaine53.fr\/wp-content\/uploads\/2024\/05\/E-4-scaled.jpg\" alt=\"\" class=\"slider-4274 slide-4278 msDefaultImage lazyload\" title=\"E\" src=\"data:image\/svg+xml;base64,PHN2ZyB3aWR0aD0iMSIgaGVpZ2h0PSIxIiB4bWxucz0iaHR0cDovL3d3dy53My5vcmcvMjAwMC9zdmciPjwvc3ZnPg==\" style=\"--smush-placeholder-width: 2560px; --smush-placeholder-aspect-ratio: 2560\/1920;\" \/><div class=\"caption-wrap\"><div class=\"caption\"><div style=\"text-align:center;\"><strong>L'\u00e9glise de type priorale et curiale est d\u00e9di\u00e9e \u00e0 Saint-Martin. La nef est plus large que le choeur qui a \u00e9t\u00e9 reconstruit et prolong\u00e9 au XVe si\u00e8cle.<\/strong><\/div><\/div><\/div><\/li>\n                <li style=\"display: none; width: 100%;\" class=\"slide-4290 ms-image \" aria-roledescription=\"slide\" data-date=\"2024-05-24 20:58:44\" data-filename=\"F-5-scaled-0x0.jpg\" data-slide-type=\"image\"><img data-opt-id=737281858  decoding=\"async\" data-src=\"https:\/\/ml8u9mzc6rsf.i.optimole.com\/cb:Y0oE.2e511\/w:auto\/h:auto\/q:mauto\/f:best\/https:\/\/www.paroisse-saint-melaine53.fr\/wp-content\/uploads\/2024\/05\/F-5-scaled.jpg\" alt=\"\" class=\"slider-4274 slide-4290 msDefaultImage lazyload\" title=\"F\" src=\"data:image\/svg+xml;base64,PHN2ZyB3aWR0aD0iMSIgaGVpZ2h0PSIxIiB4bWxucz0iaHR0cDovL3d3dy53My5vcmcvMjAwMC9zdmciPjwvc3ZnPg==\" style=\"--smush-placeholder-width: 2560px; --smush-placeholder-aspect-ratio: 2560\/1920;\" \/><\/li>\n                <li style=\"display: none; width: 100%;\" class=\"slide-4291 ms-image \" aria-roledescription=\"slide\" data-date=\"2024-05-24 20:58:44\" data-filename=\"G-5-scaled-0x0.jpg\" data-slide-type=\"image\"><img data-opt-id=1355641282  decoding=\"async\" data-src=\"https:\/\/ml8u9mzc6rsf.i.optimole.com\/cb:Y0oE.2e511\/w:auto\/h:auto\/q:mauto\/f:best\/https:\/\/www.paroisse-saint-melaine53.fr\/wp-content\/uploads\/2024\/05\/G-5-scaled.jpg\" alt=\"\" class=\"slider-4274 slide-4291 msDefaultImage lazyload\" title=\"G\" src=\"data:image\/svg+xml;base64,PHN2ZyB3aWR0aD0iMSIgaGVpZ2h0PSIxIiB4bWxucz0iaHR0cDovL3d3dy53My5vcmcvMjAwMC9zdmciPjwvc3ZnPg==\" style=\"--smush-placeholder-width: 2560px; --smush-placeholder-aspect-ratio: 2560\/1920;\" \/><\/li>\n                <li style=\"display: none; width: 100%;\" class=\"slide-4292 ms-image \" aria-roledescription=\"slide\" data-date=\"2024-05-24 20:58:44\" data-filename=\"H-4-scaled-0x0.jpg\" data-slide-type=\"image\"><img data-opt-id=1168434874  decoding=\"async\" data-src=\"https:\/\/ml8u9mzc6rsf.i.optimole.com\/cb:Y0oE.2e511\/w:auto\/h:auto\/q:mauto\/f:best\/https:\/\/www.paroisse-saint-melaine53.fr\/wp-content\/uploads\/2024\/05\/H-4-scaled.jpg\" alt=\"\" class=\"slider-4274 slide-4292 msDefaultImage lazyload\" title=\"H\" src=\"data:image\/svg+xml;base64,PHN2ZyB3aWR0aD0iMSIgaGVpZ2h0PSIxIiB4bWxucz0iaHR0cDovL3d3dy53My5vcmcvMjAwMC9zdmciPjwvc3ZnPg==\" style=\"--smush-placeholder-width: 2560px; --smush-placeholder-aspect-ratio: 2560\/1920;\" \/><\/li>\n                <li style=\"display: none; width: 100%;\" class=\"slide-4293 ms-image \" aria-roledescription=\"slide\" data-date=\"2024-05-24 20:58:44\" data-filename=\"I-4-scaled-0x0.jpg\" data-slide-type=\"image\"><img data-opt-id=1416341821  decoding=\"async\" data-src=\"https:\/\/ml8u9mzc6rsf.i.optimole.com\/cb:Y0oE.2e511\/w:auto\/h:auto\/q:mauto\/f:best\/https:\/\/www.paroisse-saint-melaine53.fr\/wp-content\/uploads\/2024\/05\/I-4-scaled.jpg\" alt=\"\" class=\"slider-4274 slide-4293 msDefaultImage lazyload\" title=\"I\" src=\"data:image\/svg+xml;base64,PHN2ZyB3aWR0aD0iMSIgaGVpZ2h0PSIxIiB4bWxucz0iaHR0cDovL3d3dy53My5vcmcvMjAwMC9zdmciPjwvc3ZnPg==\" style=\"--smush-placeholder-width: 2560px; --smush-placeholder-aspect-ratio: 2560\/1920;\" \/><\/li>\n                <li style=\"display: none; width: 100%;\" class=\"slide-4294 ms-image \" aria-roledescription=\"slide\" data-date=\"2024-05-24 20:58:44\" data-filename=\"J-3-scaled-0x0.jpg\" data-slide-type=\"image\"><img data-opt-id=760842704  decoding=\"async\" data-src=\"https:\/\/ml8u9mzc6rsf.i.optimole.com\/cb:Y0oE.2e511\/w:auto\/h:auto\/q:mauto\/f:best\/https:\/\/www.paroisse-saint-melaine53.fr\/wp-content\/uploads\/2024\/05\/J-3-scaled.jpg\" alt=\"\" class=\"slider-4274 slide-4294 msDefaultImage lazyload\" title=\"J\" src=\"data:image\/svg+xml;base64,PHN2ZyB3aWR0aD0iMSIgaGVpZ2h0PSIxIiB4bWxucz0iaHR0cDovL3d3dy53My5vcmcvMjAwMC9zdmciPjwvc3ZnPg==\" style=\"--smush-placeholder-width: 2560px; --smush-placeholder-aspect-ratio: 2560\/1920;\" \/><\/li>\n                <li style=\"display: none; width: 100%;\" class=\"slide-4295 ms-image \" aria-roledescription=\"slide\" data-date=\"2024-05-24 20:58:44\" data-filename=\"K-4-scaled-0x0.jpg\" data-slide-type=\"image\"><img data-opt-id=381881605  decoding=\"async\" data-src=\"https:\/\/ml8u9mzc6rsf.i.optimole.com\/cb:Y0oE.2e511\/w:auto\/h:auto\/q:mauto\/f:best\/https:\/\/www.paroisse-saint-melaine53.fr\/wp-content\/uploads\/2024\/05\/K-4-scaled.jpg\" alt=\"\" class=\"slider-4274 slide-4295 msDefaultImage lazyload\" title=\"K\" src=\"data:image\/svg+xml;base64,PHN2ZyB3aWR0aD0iMSIgaGVpZ2h0PSIxIiB4bWxucz0iaHR0cDovL3d3dy53My5vcmcvMjAwMC9zdmciPjwvc3ZnPg==\" style=\"--smush-placeholder-width: 2560px; --smush-placeholder-aspect-ratio: 2560\/1920;\" \/><\/li>\n                <li style=\"display: none; width: 100%;\" class=\"slide-4296 ms-image \" aria-roledescription=\"slide\" data-date=\"2024-05-24 20:58:44\" data-filename=\"L-3-scaled-0x0.jpg\" data-slide-type=\"image\"><img data-opt-id=1299568432  decoding=\"async\" data-src=\"https:\/\/ml8u9mzc6rsf.i.optimole.com\/cb:Y0oE.2e511\/w:auto\/h:auto\/q:mauto\/f:best\/https:\/\/www.paroisse-saint-melaine53.fr\/wp-content\/uploads\/2024\/05\/L-3-scaled.jpg\" alt=\"\" class=\"slider-4274 slide-4296 msDefaultImage lazyload\" title=\"L\" src=\"data:image\/svg+xml;base64,PHN2ZyB3aWR0aD0iMSIgaGVpZ2h0PSIxIiB4bWxucz0iaHR0cDovL3d3dy53My5vcmcvMjAwMC9zdmciPjwvc3ZnPg==\" style=\"--smush-placeholder-width: 2560px; --smush-placeholder-aspect-ratio: 2560\/1920;\" \/><\/li>\n            <\/ul>\n        <\/div>\n        \n    <\/div>\n<\/div><\/div>\n\n\n\n<div class=\"wp-block-advgb-button aligncenter is-style-default\"><a class=\"wp-block-advgb-button_link advgbbtn-fd4f211e-a611-4721-b492-dd2306cc1b52\" href=\"https:\/\/www.paroisse-saint-melaine53.fr\/?page_id=240\" target=\"_self\" rel=\"noopener noreferrer\"><span>Retour sur QUI SUIS-JE ?<\/span><\/a><\/div>\n<style class=\"advgb-styles-renderer\">.advgbbtn-fd4f211e-a611-4721-b492-dd2306cc1b52{font-size:14px;color:#fff !important;background-color:var(--nv-dark-bg) !important;margin:0px 0px 0px 100px !important;padding:3px 19px 1px 30px;border-width:1px !important;border-style:none;border-radius:51px !important;}.advgbbtn-fd4f211e-a611-4721-b492-dd2306cc1b52:hover{box-shadow:1px 1px 12px 0px #ccc;opacity:1;transition:all 0.2s ease;}.advgbbtn-fd4f211e-a611-4721-b492-dd2306cc1b52 > i {display: none !important;}<\/style>","protected":false},"excerpt":{"rendered":"<p>\u00e9glise<\/p>\n","protected":false},"author":1,"featured_media":0,"parent":0,"menu_order":0,"comment_status":"closed","ping_status":"closed","template":"","meta":{"_acf_changed":false,"advgb_blocks_editor_width":"","advgb_blocks_columns_visual_guide":"","_monsterinsights_skip_tracking":false,"_monsterinsights_sitenote_active":false,"_monsterinsights_sitenote_note":"","_monsterinsights_sitenote_category":0,"neve_meta_sidebar":"full-width","neve_meta_container":"contained","neve_meta_enable_content_width":"on","neve_meta_content_width":50,"neve_meta_title_alignment":"","neve_meta_author_avatar":"","neve_post_elements_order":"","neve_meta_disable_header":"","neve_meta_disable_footer":"","neve_meta_disable_title":"on","footnotes":""},"class_list":["post-4350","page","type-page","status-publish","hentry"],"acf":[],"aioseo_notices":[],"coauthors":[],"author_meta":{"author_link":"https:\/\/www.paroisse-saint-melaine53.fr\/?author=1","display_name":"Jean-Luc"},"relative_dates":{"created":"Publi\u00e9 2 ans il y a","modified":"Mis \u00e0 jour 2 ans il y a"},"absolute_dates":{"created":"Publi\u00e9 le 25 mai 2024","modified":"Mise \u00e0 jour le 25 mai 2024"},"absolute_dates_time":{"created":"Publi\u00e9 le 25 mai 2024 10 h 25 min","modified":"Mise \u00e0 jour le 25 mai 2024 14 h 42 min"},"featured_img_caption":"","featured_img":false,"series_order":"","_links":{"self":[{"href":"https:\/\/www.paroisse-saint-melaine53.fr\/index.php?rest_route=\/wp\/v2\/pages\/4350","targetHints":{"allow":["GET"]}}],"collection":[{"href":"https:\/\/www.paroisse-saint-melaine53.fr\/index.php?rest_route=\/wp\/v2\/pages"}],"about":[{"href":"https:\/\/www.paroisse-saint-melaine53.fr\/index.php?rest_route=\/wp\/v2\/types\/page"}],"author":[{"embeddable":true,"href":"https:\/\/www.paroisse-saint-melaine53.fr\/index.php?rest_route=\/wp\/v2\/users\/1"}],"replies":[{"embeddable":true,"href":"https:\/\/www.paroisse-saint-melaine53.fr\/index.php?rest_route=%2Fwp%2Fv2%2Fcomments&post=4350"}],"version-history":[{"count":2,"href":"https:\/\/www.paroisse-saint-melaine53.fr\/index.php?rest_route=\/wp\/v2\/pages\/4350\/revisions"}],"predecessor-version":[{"id":4377,"href":"https:\/\/www.paroisse-saint-melaine53.fr\/index.php?rest_route=\/wp\/v2\/pages\/4350\/revisions\/4377"}],"wp:attachment":[{"href":"https:\/\/www.paroisse-saint-melaine53.fr\/index.php?rest_route=%2Fwp%2Fv2%2Fmedia&parent=4350"}],"curies":[{"name":"wp","href":"https:\/\/api.w.org\/{rel}","templated":true}]}}