{"id":527,"date":"2017-03-24T15:45:00","date_gmt":"2017-03-24T14:45:00","guid":{"rendered":"http:\/\/www.paroisse-saint-melaine53.fr\/?page_id=527"},"modified":"2026-03-04T20:41:15","modified_gmt":"2026-03-04T19:41:15","slug":"feuille-info","status":"publish","type":"page","link":"https:\/\/www.paroisse-saint-melaine53.fr\/?page_id=527","title":{"rendered":"Les infos du mois"},"content":{"rendered":"\n<p><a href=\"https:\/\/www.paroisse-saint-melaine53.fr\/wp-content\/uploads\/2024\/09\/V4-LIVRET-BIENVENUE-2024-2025.pdf\" target=\"_blank\" rel=\"noopener\" title=\" Livret Bienvenue 2024-2025 \"> <\/a><\/p>\n\n\n\n<p><a href=\"https:\/\/www.paroisse-saint-melaine53.fr\/wp-content\/uploads\/2025\/11\/LIVRET-BIENVENUE-2025-2026.pdf\" title=\"Livret bienvenue 2025-2026\"><strong>LIVRET-BIENVENUE-2025-2026.pdf<\/strong><\/a><\/p>\n\n\n\n<p><a href=\"https:\/\/www.paroisse-saint-melaine53.fr\/wp-content\/uploads\/2026\/03\/Feuille-infos-mars-avril-2026.pdf\" title=\"Feuille-infos-mars-avril-2026\"><strong>Feuille-infos-mars-avril-2026.pdf<\/strong><\/a><\/p>\n\n\n\n<p><a href=\"https:\/\/www.paroisse-saint-melaine53.fr\/wp-content\/uploads\/2025\/12\/Feuille-infos-janvier-fevrier-2026.pdf\" title=\"Feuille-infos-janvier-f\u00e9vrier-2026\"><strong>Feuille-infos-janvier-fevrier-2026.pdf<\/strong><\/a><\/p>\n\n\n\n<p><a href=\"https:\/\/www.paroisse-saint-melaine53.fr\/wp-content\/uploads\/2025\/11\/Feuille-infos-novembre-decembre-2025.pdf\" title=\"Feuille-infos-novembre-d\u00e9cembre-2025\"><strong>Feuille-infos-novembre-decembre-2025.pdf<\/strong><\/a><\/p>\n\n\n\n<p><a href=\"https:\/\/www.paroisse-saint-melaine53.fr\/wp-content\/uploads\/2025\/09\/Feuille-infos-septembre-octobre-2025.pdf\" title=\"Feuille-infos-septembre-octobre-2025\"><strong>Feuille-infos-septembre-octobre-2025.pdf<\/strong><\/a><\/p>\n\n\n\n<p><strong><a href=\"https:\/\/www.paroisse-saint-melaine53.fr\/wp-content\/uploads\/2025\/07\/V2_A4_LES-INFOS-DU-MOIS-DE-JUILLET-AOUT-2025.pdf\" title=\"Feuille infos juillet-ao\u00fbt 2025\">LES-INFOS-DU-MOIS-DE-JUILLET-AOUT-2025.pdf<\/a><\/strong><\/p>\n\n\n\n<p><a href=\"https:\/\/www.paroisse-saint-melaine53.fr\/wp-content\/uploads\/2025\/05\/Feuille-infos-mai-juin-2025.pdf\" target=\"_blank\" rel=\"noopener\" title=\"Feuille-infos-mai-juin-2025\"><strong>Feuille-infos-mai-juin-2025.pdf<\/strong><\/a><\/p>\n\n\n\n<p><a href=\"https:\/\/www.paroisse-saint-melaine53.fr\/wp-content\/uploads\/2025\/03\/A4_LES-INFOS-DU-MOIS-MARS-AVRIL-2025.pdf\" title=\"Feuille-infos-mars-avril-2025\"><strong>LES-INFOS-DU-MOIS-MARS-AVRIL-2025.pdf<\/strong><\/a><\/p>\n\n\n\n<p><a href=\"https:\/\/www.paroisse-saint-melaine53.fr\/wp-content\/uploads\/2025\/01\/Feuille-infos-janvier-fevrier-2025-2.pdf\" title=\"Feuille-infos-janvier-f\u00e9vrier-2025\"><strong>Feuille-infos-janvier-fevrier-2025<\/strong><\/a><\/p>\n\n\n\n<p><a href=\"https:\/\/www.paroisse-saint-melaine53.fr\/wp-content\/uploads\/2024\/10\/Feuille-infos-novembre-decembre-2024.pdf\"><strong>Feuille-infos-novembre-d\u00e9cembre-2024.pdf<\/strong><\/a><\/p>\n\n\n\n<p><a href=\"https:\/\/www.paroisse-saint-melaine53.fr\/wp-content\/uploads\/2024\/08\/Feuille-infos-septembre-octobre-2024.pdf.pdf\" title=\"Feuille infos juillet-ao\u00fbt-2024\"><strong>Feuille-infos-septembre-octobre-2024.pdf<\/strong><\/a><\/p>\n\n\n\n<p><a href=\"https:\/\/www.paroisse-saint-melaine53.fr\/wp-content\/uploads\/2024\/06\/Feuille-infos-juillet-aout-2024.pdf\" title=\"Feuille infos juillet-ao\u00fbt-2024\"><strong>Feuille-infos-juillet-ao\u00fbt-2024.pdf<\/strong><\/a><\/p>\n\n\n\n<p><strong><a href=\"https:\/\/www.paroisse-saint-melaine53.fr\/wp-content\/uploads\/2024\/04\/Feuille-infos-mai-juin-2024.pdf\">Feuille-infos-mai-juin-2024<\/a><\/strong><\/p>\n\n\n\n<p><strong><a href=\"https:\/\/www.paroisse-saint-melaine53.fr\/wp-content\/uploads\/2024\/02\/Feuille-infos-mars-avril-2024.pdf\">Feuille-infos-mars-avril-2024<\/a><\/strong><\/p>\n\n\n\n<p><strong><a href=\"https:\/\/www.paroisse-saint-melaine53.fr\/wp-content\/uploads\/2024\/01\/Feuille-infos-janvier-fevrier-2024.pdf\">Feuille-infos-janvier-f\u00e9vrier 2024<\/a><\/strong><\/p>\n\n\n\n<p><\/p>\n\n\n\n<p><\/p>\n\n\n\n<p><\/p>\n","protected":false},"excerpt":{"rendered":"<p>LIVRET-BIENVENUE-2025-2026.pdf Feuille-infos-mars-avril-2026.pdf Feuille-infos-janvier-fevrier-2026.pdf Feuille-infos-novembre-decembre-2025.pdf Feuille-infos-septembre-octobre-2025.pdf LES-INFOS-DU-MOIS-DE-JUILLET-AOUT-2025.pdf Feuille-infos-mai-juin-2025.pdf LES-INFOS-DU-MOIS-MARS-AVRIL-2025.pdf Feuille-infos-janvier-fevrier-2025 Feuille-infos-novembre-d\u00e9cembre-2024.pdf Feuille-infos-septembre-octobre-2024.pdf Feuille-infos-juillet-ao\u00fbt-2024.pdf Feuille-infos-mai-juin-2024 Feuille-infos-mars-avril-2024 Feuille-infos-janvier-f\u00e9vrier 2024<\/p>\n","protected":false},"author":1,"featured_media":2307,"parent":0,"menu_order":0,"comment_status":"closed","ping_status":"closed","template":"","meta":{"_acf_changed":false,"advgb_blocks_editor_width":"","advgb_blocks_columns_visual_guide":"","_monsterinsights_skip_tracking":false,"_monsterinsights_sitenote_active":false,"_monsterinsights_sitenote_note":"","_monsterinsights_sitenote_category":0,"neve_meta_sidebar":"","neve_meta_container":"","neve_meta_enable_content_width":"","neve_meta_content_width":0,"neve_meta_title_alignment":"","neve_meta_author_avatar":"","neve_post_elements_order":"","neve_meta_disable_header":"","neve_meta_disable_footer":"","neve_meta_disable_title":"","footnotes":""},"class_list":["post-527","page","type-page","status-publish","has-post-thumbnail","hentry"],"acf":[],"aioseo_notices":[],"coauthors":[],"author_meta":{"author_link":"https:\/\/www.paroisse-saint-melaine53.fr\/?author=1","display_name":"Jean-Luc"},"relative_dates":{"created":"Publi\u00e9 9 ans il y a","modified":"Mis \u00e0 jour 2 mois il y a"},"absolute_dates":{"created":"Publi\u00e9 le 24 mars 2017","modified":"Mise \u00e0 jour le 4 mars 2026"},"absolute_dates_time":{"created":"Publi\u00e9 le 24 mars 2017 15 h 45 min","modified":"Mise \u00e0 jour le 4 mars 2026 20 h 41 min"},"featured_img_caption":"","featured_img":"https:\/\/ml8u9mzc6rsf.i.optimole.com\/cb:Y0oE.2e511\/w:auto\/h:auto\/q:mauto\/f:best\/https:\/\/www.paroisse-saint-melaine53.fr\/wp-content\/uploads\/2021\/10\/Entete_page_feuille-infos.png","series_order":"","_links":{"self":[{"href":"https:\/\/www.paroisse-saint-melaine53.fr\/index.php?rest_route=\/wp\/v2\/pages\/527","targetHints":{"allow":["GET"]}}],"collection":[{"href":"https:\/\/www.paroisse-saint-melaine53.fr\/index.php?rest_route=\/wp\/v2\/pages"}],"about":[{"href":"https:\/\/www.paroisse-saint-melaine53.fr\/index.php?rest_route=\/wp\/v2\/types\/page"}],"author":[{"embeddable":true,"href":"https:\/\/www.paroisse-saint-melaine53.fr\/index.php?rest_route=\/wp\/v2\/users\/1"}],"replies":[{"embeddable":true,"href":"https:\/\/www.paroisse-saint-melaine53.fr\/index.php?rest_route=%2Fwp%2Fv2%2Fcomments&post=527"}],"version-history":[{"count":170,"href":"https:\/\/www.paroisse-saint-melaine53.fr\/index.php?rest_route=\/wp\/v2\/pages\/527\/revisions"}],"predecessor-version":[{"id":5381,"href":"https:\/\/www.paroisse-saint-melaine53.fr\/index.php?rest_route=\/wp\/v2\/pages\/527\/revisions\/5381"}],"wp:featuredmedia":[{"embeddable":true,"href":"https:\/\/www.paroisse-saint-melaine53.fr\/index.php?rest_route=\/wp\/v2\/media\/2307"}],"wp:attachment":[{"href":"https:\/\/www.paroisse-saint-melaine53.fr\/index.php?rest_route=%2Fwp%2Fv2%2Fmedia&parent=527"}],"curies":[{"name":"wp","href":"https:\/\/api.w.org\/{rel}","templated":true}]}}