{"id":960,"date":"2018-03-23T15:40:25","date_gmt":"2018-03-23T14:40:25","guid":{"rendered":"http:\/\/www.paroisse-saint-melaine53.fr\/?page_id=960"},"modified":"2024-05-28T08:53:16","modified_gmt":"2024-05-28T07:53:16","slug":"bapteme-petits-enfants","status":"publish","type":"page","link":"https:\/\/www.paroisse-saint-melaine53.fr\/?page_id=960","title":{"rendered":"Bapt\u00eame enfants"},"content":{"rendered":"\n<div class=\"wp-block-cover aligncenter\" style=\"min-height:299px;aspect-ratio:unset;\"><span aria-hidden=\"true\" class=\"wp-block-cover__background has-background-dim\"><\/span><img data-opt-id=1635088076  fetchpriority=\"high\" decoding=\"async\" width=\"2112\" height=\"1776\" class=\"wp-block-cover__image-background wp-image-494 lazyload\" alt=\"\" data-src=\"https:\/\/ml8u9mzc6rsf.i.optimole.com\/cb:Y0oE.2e511\/w:auto\/h:auto\/q:mauto\/f:best\/https:\/\/www.paroisse-saint-melaine53.fr\/wp-content\/uploads\/2015\/12\/Batistere.jpg\" style=\"--smush-placeholder-width: 2112px; --smush-placeholder-aspect-ratio: 2112\/1776;object-position:56% 79%\" data-object-fit=\"cover\" data-object-position=\"56% 79%\" data-srcset=\"https:\/\/ml8u9mzc6rsf.i.optimole.com\/cb:Y0oE.2e511\/w:1284\/h:1080\/q:mauto\/f:best\/https:\/\/www.paroisse-saint-melaine53.fr\/wp-content\/uploads\/2015\/12\/Batistere.jpg 2112w, https:\/\/ml8u9mzc6rsf.i.optimole.com\/cb:Y0oE.2e511\/w:595\/h:500\/q:mauto\/f:best\/https:\/\/www.paroisse-saint-melaine53.fr\/wp-content\/uploads\/2015\/12\/Batistere.jpg 595w, https:\/\/ml8u9mzc6rsf.i.optimole.com\/cb:Y0oE.2e511\/w:768\/h:646\/q:mauto\/f:best\/https:\/\/www.paroisse-saint-melaine53.fr\/wp-content\/uploads\/2015\/12\/Batistere.jpg 768w, https:\/\/ml8u9mzc6rsf.i.optimole.com\/cb:Y0oE.2e511\/w:960\/h:807\/q:mauto\/f:best\/https:\/\/www.paroisse-saint-melaine53.fr\/wp-content\/uploads\/2015\/12\/Batistere.jpg 960w, https:\/\/ml8u9mzc6rsf.i.optimole.com\/cb:Y0oE.2e511\/w:370\/h:311\/q:mauto\/f:best\/https:\/\/www.paroisse-saint-melaine53.fr\/wp-content\/uploads\/2015\/12\/Batistere.jpg 370w, https:\/\/ml8u9mzc6rsf.i.optimole.com\/cb:Y0oE.2e511\/w:1040\/h:875\/q:mauto\/f:best\/https:\/\/www.paroisse-saint-melaine53.fr\/wp-content\/uploads\/2015\/12\/Batistere.jpg 1040w\" data-sizes=\"(max-width: 1200px) 100vw, 1200px\" src=\"data:image\/svg+xml;base64,PHN2ZyB3aWR0aD0iMSIgaGVpZ2h0PSIxIiB4bWxucz0iaHR0cDovL3d3dy53My5vcmcvMjAwMC9zdmciPjwvc3ZnPg==\" \/><div class=\"wp-block-cover__inner-container is-layout-flow wp-block-cover-is-layout-flow\">\n<p class=\"has-text-align-center has-nv-site-bg-color has-text-color has-link-color has-large-font-size wp-elements-6f87d091c98913256d07ad26e9d49203\">Le sacrement du bapt\u00eame des Tout-petits enfants<\/p>\n<\/div><\/div>\n\n\n\n<p><em>Devenir chr\u00e9tien commence par le bapt\u00eame. Il est nouvelle naissance, signe de l\u2019amour du P\u00e8re. Le baptise\u0301 devient pleinement Fils de Dieu et membre du Peuple de Dieu: l\u2019\u00c9glise du Christ.<\/em><\/p>\n\n\n\n<p>&nbsp;&nbsp;&nbsp;&nbsp; <strong>Pour les Tout-petits enfants :&nbsp;<\/strong>deux rencontres sont programm\u00e9es : la premi\u00e8re avec d\u2019autres parents puis la seconde individuellement avec le c\u00e9l\u00e9brant.<\/p>\n\n\n\n<p>Pour tout renseignement merci de vous adresser \u00e0 :<br>Jean-Marc RAIMBAULT : 06 87 09 11 09<br><a href=\"mailto:bapteme@paroisse-saint-melaine53.fr\">bapteme@paroisse-saint-melaine53.fr<\/a><\/p>\n\n\n\n<p>Apr\u00e8s vos deux rencontres et l&rsquo;inscription de vos ou de votre enfant vous pourrez utiliser les ressources suivantes pour pr\u00e9parer votre c\u00e9l\u00e9bration en famille et avec le c\u00e9l\u00e9brant,  pr\u00eatre ou diacre retenu pour celle-ci.<\/p>\n\n\n\n<h5 class=\"wp-block-heading\"><strong><span style=\"color: #800000\">Les documents suivants sont disponibles au t\u00e9l\u00e9chargement <\/span><span style=\"color: #800000\">au format Word <\/span><span style=\"color: #800000\">en <\/span><span style=\"color: #003366\">cliquant sur le nom du document!<\/span><\/strong><\/h5>\n\n\n\n<p><strong><a href=\"https:\/\/www.paroisse-saint-melaine53.fr\/wp-content\/uploads\/2024\/02\/Livret-BaptemeCOMPLETun-garcon.doc\">Livret complet pour un gar\u00e7on<\/a> <\/strong><\/p>\n\n\n\n<p><a href=\"https:\/\/www.paroisse-saint-melaine53.fr\/wp-content\/uploads\/2024\/02\/Livret-Bapteme-Complet-une-fille.doc\"><strong>Livret complet pour une fille<\/strong><\/a><\/p>\n\n\n\n<p><a href=\"https:\/\/www.paroisse-saint-melaine53.fr\/wp-content\/uploads\/2024\/02\/Livret-Bapteme-plusieurs-garcons-ou-garcons-et-filles.doc\"><strong>Livret complet garcons et\/ou filles<\/strong><\/a><\/p>\n\n\n\n<p>Lectures possibles pour un bapt\u00eame (nouvelle traduction liturgique) : <a href=\"https:\/\/www.paroisse-saint-melaine53.fr\/wp-content\/uploads\/2018\/03\/02_Lectures-pour-un-bapt\u00eame_StM.doc\"><strong>Lectures pour un bapt\u00eame<\/strong><\/a><\/p>\n\n\n\n<p>Pri\u00e8re commune de l&rsquo;assembl\u00e9e (ou pri\u00e8re universelle) : les propositions de notre paroisse. Vous trouvez \u00e9galement dans ce document le texte de la profession de foi: <a href=\"https:\/\/www.paroisse-saint-melaine53.fr\/wp-content\/uploads\/2018\/03\/05-Intentions-de-pri\u00e8re-commune_StM.doc\"><strong>Intentions de pri\u00e8re commune<\/strong><\/a><\/p>\n\n\n\n<p>Pri\u00e8re des parents : quelques propositions:&nbsp;<a href=\"https:\/\/www.paroisse-saint-melaine53.fr\/wp-content\/uploads\/2018\/05\/Prieres-des-parents-baptemes-StM.doc\"><strong>Pri\u00e8res des parents bapt\u00eames<\/strong><\/a><\/p>\n\n\n\n<p>Chants pour le bapt\u00eame : un document pour retrouver toutes les paroles des chants utilis\u00e9s aux bapt\u00eames dans notre paroisse: <strong><a href=\"https:\/\/www.paroisse-saint-melaine53.fr\/wp-content\/uploads\/2018\/03\/02b-choix-des-chants-pour-le-bapt\u00eame-version-2012_StM.doc\">Choix des chants pour le bapt\u00eame<\/a><\/strong><\/p>\n\n\n\n<p>Document \u00e0&nbsp;t\u00e9l\u00e9charger&nbsp;pour permettre au parrain et \u00e0 la marraine de demander une copie d&rsquo;acte de bapt\u00eame : t\u00e9l\u00e9charger le document, l&rsquo;imprimer recto\/verso, remplir la demande et l&rsquo;envoyer \u00e0 l&rsquo;\u00e9v\u00each\u00e9 du lieu du bapt\u00eame, accompagn\u00e9 d&rsquo;une enveloppe timbr\u00e9e \u00e0 votre adresse pour la r\u00e9ponse: <a href=\"https:\/\/www.paroisse-saint-melaine53.fr\/wp-content\/uploads\/2018\/03\/Demande-dextrait-de-bapt\u00eame-B14.pdf\"><strong>Demande d&rsquo;extrait de bapt\u00eame B14<\/strong><\/a><\/p>\n\n\n\n<h3 class=\"wp-block-heading\"><span style=\"color: #800080\">Vous pouvez \u00e9couter les chants propos\u00e9s<\/span> <a href=\"https:\/\/drive.google.com\/drive\/folders\/0BzFBbK-hPrrWYUM2WTVxRklaNlE\">Par ici<\/a><\/h3>\n\n\n\n<h3 class=\"wp-block-heading\"><span style=\"color: #800000\">Documents au format pdf:<\/span><\/h3>\n\n\n\n<p><a href=\"https:\/\/www.paroisse-saint-melaine53.fr\/wp-content\/uploads\/2018\/03\/02_Lectures-pour-un-bapt\u00eame_StM.pdf\">Lectures pour un bapt\u00eame<\/a><\/p>\n\n\n\n<p><a href=\"https:\/\/www.paroisse-saint-melaine53.fr\/wp-content\/uploads\/2018\/05\/Prieres-des-parents-baptemes-StM.pdf\">Pri\u00e8res des parents bapt\u00eames<\/a><\/p>\n\n\n\n<p><a href=\"https:\/\/www.paroisse-saint-melaine53.fr\/wp-content\/uploads\/2018\/03\/05-Intentions-de-pri\u00e8re-commune_StM-1.doc\">Intentions de pri\u00e8re communes<\/a><\/p>\n\n\n\n<p><a href=\"https:\/\/www.paroisse-saint-melaine53.fr\/wp-content\/uploads\/2018\/03\/02b-choix-des-chants-pour-le-bapt\u00eame-version-2012_StM.pdf\">Choix des chants pour le bapt\u00eame<\/a><\/p>\n\n\n\n<div class=\"wp-block-media-text is-stacked-on-mobile\"><figure class=\"wp-block-media-text__media\"><\/figure><div class=\"wp-block-media-text__content\">\n<p><\/p>\n<\/div><\/div>\n\n\n\n<div class=\"wp-block-media-text is-stacked-on-mobile\"><figure class=\"wp-block-media-text__media\"><\/figure><div class=\"wp-block-media-text__content\">\n<p><\/p>\n<\/div><\/div>\n\n\n\n<div class=\"wp-block-media-text is-stacked-on-mobile\"><figure class=\"wp-block-media-text__media\"><\/figure><div class=\"wp-block-media-text__content\">\n<p><\/p>\n<\/div><\/div>\n","protected":false},"excerpt":{"rendered":"<p>Devenir chr\u00e9tien commence par le bapt\u00eame. Il est nouvelle naissance, signe de l\u2019amour du P\u00e8re. Le baptise\u0301 devient pleinement Fils de Dieu et membre du Peuple de Dieu: l\u2019\u00c9glise du Christ. &nbsp;&nbsp;&nbsp;&nbsp; Pour les Tout-petits enfants :&nbsp;deux rencontres sont programm\u00e9es : la premi\u00e8re avec d\u2019autres parents puis la seconde individuellement avec le c\u00e9l\u00e9brant. Pour tout&hellip;&nbsp;<a href=\"https:\/\/www.paroisse-saint-melaine53.fr\/?page_id=960\" rel=\"bookmark\">Lire la suite &raquo;<span class=\"screen-reader-text\">Bapt\u00eame enfants<\/span><\/a><\/p>\n","protected":false},"author":13,"featured_media":494,"parent":0,"menu_order":0,"comment_status":"closed","ping_status":"closed","template":"","meta":{"_acf_changed":false,"advgb_blocks_editor_width":"","advgb_blocks_columns_visual_guide":"","_monsterinsights_skip_tracking":false,"_monsterinsights_sitenote_active":false,"_monsterinsights_sitenote_note":"","_monsterinsights_sitenote_category":0,"neve_meta_sidebar":"full-width","neve_meta_container":"contained","neve_meta_enable_content_width":"","neve_meta_content_width":0,"neve_meta_title_alignment":"","neve_meta_author_avatar":"","neve_post_elements_order":"","neve_meta_disable_header":"","neve_meta_disable_footer":"","neve_meta_disable_title":"on","footnotes":""},"class_list":["post-960","page","type-page","status-publish","has-post-thumbnail","hentry"],"acf":[],"aioseo_notices":[],"coauthors":[],"author_meta":{"author_link":"https:\/\/www.paroisse-saint-melaine53.fr\/?author=13","display_name":"webmast"},"relative_dates":{"created":"Publi\u00e9 8 ans il y a","modified":"Mis \u00e0 jour 2 ans il y a"},"absolute_dates":{"created":"Publi\u00e9 le 23 mars 2018","modified":"Mise \u00e0 jour le 28 mai 2024"},"absolute_dates_time":{"created":"Publi\u00e9 le 23 mars 2018 15 h 40 min","modified":"Mise \u00e0 jour le 28 mai 2024 8 h 53 min"},"featured_img_caption":"","featured_img":"https:\/\/ml8u9mzc6rsf.i.optimole.com\/cb:Y0oE.2e511\/w:auto\/h:auto\/q:mauto\/f:best\/https:\/\/www.paroisse-saint-melaine53.fr\/wp-content\/uploads\/2015\/12\/Batistere.jpg","series_order":"","_links":{"self":[{"href":"https:\/\/www.paroisse-saint-melaine53.fr\/index.php?rest_route=\/wp\/v2\/pages\/960","targetHints":{"allow":["GET"]}}],"collection":[{"href":"https:\/\/www.paroisse-saint-melaine53.fr\/index.php?rest_route=\/wp\/v2\/pages"}],"about":[{"href":"https:\/\/www.paroisse-saint-melaine53.fr\/index.php?rest_route=\/wp\/v2\/types\/page"}],"author":[{"embeddable":true,"href":"https:\/\/www.paroisse-saint-melaine53.fr\/index.php?rest_route=\/wp\/v2\/users\/13"}],"replies":[{"embeddable":true,"href":"https:\/\/www.paroisse-saint-melaine53.fr\/index.php?rest_route=%2Fwp%2Fv2%2Fcomments&post=960"}],"version-history":[{"count":46,"href":"https:\/\/www.paroisse-saint-melaine53.fr\/index.php?rest_route=\/wp\/v2\/pages\/960\/revisions"}],"predecessor-version":[{"id":4414,"href":"https:\/\/www.paroisse-saint-melaine53.fr\/index.php?rest_route=\/wp\/v2\/pages\/960\/revisions\/4414"}],"wp:featuredmedia":[{"embeddable":true,"href":"https:\/\/www.paroisse-saint-melaine53.fr\/index.php?rest_route=\/wp\/v2\/media\/494"}],"wp:attachment":[{"href":"https:\/\/www.paroisse-saint-melaine53.fr\/index.php?rest_route=%2Fwp%2Fv2%2Fmedia&parent=960"}],"curies":[{"name":"wp","href":"https:\/\/api.w.org\/{rel}","templated":true}]}}